{"id":14875,"date":"2014-12-25T15:14:07","date_gmt":"2014-12-25T15:14:07","guid":{"rendered":"http:\/\/www.fiberpasta.it\/fr\/?page_id=14875"},"modified":"2021-06-28T13:18:56","modified_gmt":"2021-06-28T13:18:56","slug":"biscuits-aux-amandes","status":"publish","type":"page","link":"https:\/\/www.fiberpasta.it\/fr\/biscuits-aux-amandes\/","title":{"rendered":"BISCUITS AUX AMANDES"},"content":{"rendered":"<div class=\"wpb-content-wrapper\"><p>[vc_row css_animation=&#8221;&#8221; row_type=&#8221;row&#8221; use_row_as_full_screen_section=&#8221;no&#8221; type=&#8221;full_width&#8221; angled_section=&#8221;no&#8221; text_align=&#8221;left&#8221; background_image_as_pattern=&#8221;without_pattern&#8221; z_index=&#8221;&#8221;][vc_column][vc_column_text]<\/p>\n<h3>BISCUITS AUX AMANDES: BISCUITS ARTISANAUX, SAIN ET SAVOUREUX!<\/h3>\n<p>[\/vc_column_text][\/vc_column][\/vc_row][vc_row css_animation=&#8221;&#8221; row_type=&#8221;row&#8221; use_row_as_full_screen_section=&#8221;no&#8221; type=&#8221;full_width&#8221; angled_section=&#8221;no&#8221; text_align=&#8221;left&#8221; background_image_as_pattern=&#8221;without_pattern&#8221;][vc_column][vc_column_text]Les Biscuits aux amandes de FiberPasta ont un \u00a0<strong>index glycemique bas (IG 42) <\/strong>et une\u00a0<strong>teneur \u00e9lev\u00e9e en fibres.<\/strong><\/p>\n<p>Ils sont\u00a0<strong>fabriqu\u00e9s \u00e0 la main<\/strong>\u00a0et ne sont faits qu\u2019avec des ingr\u00e9dients sains et de haute qualit\u00e9.<br \/>\nIls ne contiennent pas\u00a0: d\u2019huile de palme, de lait, d\u2019\u0153ufs, de sucre\u2026 sont ok pour l\u2019alimentation vegan.<\/p>\n<p><strong>\u00a0<\/strong>[\/vc_column_text][\/vc_column][\/vc_row][vc_row css_animation=&#8221;&#8221; row_type=&#8221;row&#8221; use_row_as_full_screen_section=&#8221;no&#8221; type=&#8221;full_width&#8221; angled_section=&#8221;no&#8221; text_align=&#8221;left&#8221; background_image_as_pattern=&#8221;without_pattern&#8221;][vc_column][qode_elements_holder number_of_columns=&#8221;two_columns&#8221;][qode_elements_holder_item advanced_animations=&#8221;no&#8221;][vc_single_image image=&#8221;16632&#8243; img_size=&#8221;large&#8221; qode_css_animation=&#8221;&#8221;][\/qode_elements_holder_item][qode_elements_holder_item advanced_animations=&#8221;no&#8221; background_color=&#8221;#ffffff&#8221;][vc_column_text]Ingredienti :<br \/>\nMix FiberPasta (farine de bl\u00e9 tendre, fibre de bl\u00e9 12%, inuline 2%), amandes (16%), eau, \u00e9dulcorant: maltitol, huile d&#8217;olive extra vierge, agent levant: bicarbonate d&#8217;ammonium, ar\u00f4me naturel d&#8217;orange et de vanille.<\/p>\n<p>Valeurs nutritionnelles\u00a0 x 100g:<br \/>\nValeurs energetique 254 \/ kj 1069<br \/>\nmati\u00e8res grasses 4,7 g<br \/>\ndont:<br \/>\n\u2013 satur\u00e9: 0,8 g<br \/>\nhydrates de carbone\u00a041,5 g<br \/>\ndont:<br \/>\n\u2013 sucres 1,4 g<br \/>\n\u2013 polyols 30,3 g<br \/>\nfibre 10 g<br \/>\nproteines 7,2 g<br \/>\nsel\u00a01,3 g[\/vc_column_text][\/qode_elements_holder_item][\/qode_elements_holder][\/vc_column][\/vc_row]<\/p>\n<\/div>","protected":false},"excerpt":{"rendered":"<p>[vc_row css_animation=&#8221;&#8221; row_type=&#8221;row&#8221; use_row_as_full_screen_section=&#8221;no&#8221; type=&#8221;full_width&#8221; angled_section=&#8221;no&#8221; text_align=&#8221;left&#8221; background_image_as_pattern=&#8221;without_pattern&#8221; z_index=&#8221;&#8221;][vc_column][vc_column_text] BISCUITS AUX AMANDES: BISCUITS ARTISANAUX, SAIN ET SAVOUREUX! [\/vc_column_text][\/vc_column][\/vc_row][vc_row css_animation=&#8221;&#8221; row_type=&#8221;row&#8221; use_row_as_full_screen_section=&#8221;no&#8221; type=&#8221;full_width&#8221; angled_section=&#8221;no&#8221; text_align=&#8221;left&#8221; background_image_as_pattern=&#8221;without_pattern&#8221;][vc_column][vc_column_text]Les Biscuits aux amandes de FiberPasta ont un \u00a0index glycemique bas (IG 42) et une\u00a0teneur \u00e9lev\u00e9e en fibres. Ils sont\u00a0fabriqu\u00e9s \u00e0&#8230;<\/p>\n","protected":false},"author":1,"featured_media":0,"parent":0,"menu_order":0,"comment_status":"closed","ping_status":"closed","template":"","meta":{"_monsterinsights_skip_tracking":false,"_monsterinsights_sitenote_active":false,"_monsterinsights_sitenote_note":"","_monsterinsights_sitenote_category":0,"footnotes":""},"class_list":["post-14875","page","type-page","status-publish","hentry"],"_links":{"self":[{"href":"https:\/\/www.fiberpasta.it\/fr\/wp-json\/wp\/v2\/pages\/14875","targetHints":{"allow":["GET"]}}],"collection":[{"href":"https:\/\/www.fiberpasta.it\/fr\/wp-json\/wp\/v2\/pages"}],"about":[{"href":"https:\/\/www.fiberpasta.it\/fr\/wp-json\/wp\/v2\/types\/page"}],"author":[{"embeddable":true,"href":"https:\/\/www.fiberpasta.it\/fr\/wp-json\/wp\/v2\/users\/1"}],"replies":[{"embeddable":true,"href":"https:\/\/www.fiberpasta.it\/fr\/wp-json\/wp\/v2\/comments?post=14875"}],"version-history":[{"count":28,"href":"https:\/\/www.fiberpasta.it\/fr\/wp-json\/wp\/v2\/pages\/14875\/revisions"}],"predecessor-version":[{"id":16631,"href":"https:\/\/www.fiberpasta.it\/fr\/wp-json\/wp\/v2\/pages\/14875\/revisions\/16631"}],"wp:attachment":[{"href":"https:\/\/www.fiberpasta.it\/fr\/wp-json\/wp\/v2\/media?parent=14875"}],"curies":[{"name":"wp","href":"https:\/\/api.w.org\/{rel}","templated":true}]}}