{"id":14965,"date":"2015-01-15T14:05:18","date_gmt":"2015-01-15T14:05:18","guid":{"rendered":"http:\/\/www.fiberpasta.it\/fr\/?page_id=14965"},"modified":"2018-01-05T08:27:14","modified_gmt":"2018-01-05T08:27:14","slug":"notresociete","status":"publish","type":"page","link":"https:\/\/www.fiberpasta.it\/fr\/notresociete\/","title":{"rendered":"NOTRE SOCIETE"},"content":{"rendered":"<div class=\"wpb-content-wrapper\"><p>[vc_row][vc_column width=&#8221;1\/2&#8243;][vc_column_text]La soci\u00e9t\u00e9 FiberPasta Srl a \u00e9t\u00e9 fond\u00e9e par Giuseppe Polverini, propri\u00e9taire de l&#8217;homonyme \u00abMoulin Polverini\u00bb, famille de meuniers depuis quatre g\u00e9n\u00e9rations.<br \/>\nMonsieur Polverini garantit l\u2019unique alliance entre go\u00fbt et sant\u00e9 et dit que \u00ab\u00a0FiberPasta reptr\u00e9sente le go\u00fbt authentique des p\u00e2tes italiennes et les b\u00e9n\u00e9fices des fibres\u00a0\u00bb.<\/p>\n<p>Notre histoire, celle de la fabrication de bl\u00e9, commence dans la deuxi\u00e8me moiti\u00e9 du 1800, quand le chef de\u00a0 famille, Nazzareno Polverini, n\u00e9 en 1854, commence l&#8217;activit\u00e9 \u00e0 la province d\u2019Ancona\u00a0 avec un petit moulin de pierre actionn\u00e9 par l&#8217;eau d&#8217;un torrent.\u00a0 Ses trois fils poursuivent et d\u00e9veloppent cette activit\u00e9 avec la construction de trois moulins.[\/vc_column_text][\/vc_column][vc_column width=&#8221;1\/2&#8243;][vc_single_image image=&#8221;14970&#8243; border_color=&#8221;grey&#8221; img_link_target=&#8221;_self&#8221; img_size=&#8221;full&#8221;][\/vc_column][\/vc_row][vc_row row_type=&#8221;row&#8221; use_row_as_full_screen_section=&#8221;no&#8221; type=&#8221;full_width&#8221; text_align=&#8221;left&#8221; background_image_as_pattern=&#8221;without_pattern&#8221; padding_top=&#8221;10&#8243;][vc_column width=&#8221;1\/1&#8243;][vc_column_text]L\u2019un de ses fils, Giuseppe, commence \u00e0 produire de la farine pour les boulangeries et \u00e0 s\u00e9parer les diff\u00e9rentes fractions du bl\u00e9 avec des outillages sp\u00e9cialis\u00e9s, partiellement projet\u00e9s par lui-m\u00eame.\u00a0 Cela lui permet de fournir, dans les ann\u00e9es 1985-90, des farines sp\u00e9ciales \u00e0 des entreprises d\u2019un grand groupe Italien.\u00a0\u00a0 Sur le conseil des dirigeants de ce groupe, en 1996 il fonde la soci\u00e9t\u00e9 I.P.D. s.r.l., apr\u00e8s nomm\u00e9 <strong>FiberPasta Sr<\/strong>l.<\/p>\n<p>Apr\u00e8s beaucoup de travail, de t\u00e9nacit\u00e9, de ressources financi\u00e8res, Giuseppe r\u00e9ussit a breveter un proc\u00e9d\u00e9 pour obtenir les produits di\u00e9t\u00e9tiques FiberPasta,\u00a0 tr\u00e8s go\u00fbteux et tr\u00e8s utiles pour la sant\u00e9.\u00a0 Ce sont des produits avec une haute quantit\u00e9 de fibres, obtenus du bl\u00e9 par des proc\u00e8s physiques (pas chimiques).[\/vc_column_text][\/vc_column][\/vc_row][vc_row][vc_column width=&#8221;1\/1&#8243;][vc_separator type=&#8221;transparent&#8221; position=&#8221;center&#8221; up=&#8221;30&#8243;][\/vc_column][\/vc_row]<\/p>\n<\/div>","protected":false},"excerpt":{"rendered":"<p>[vc_row][vc_column width=&#8221;1\/2&#8243;][vc_column_text]La soci\u00e9t\u00e9 FiberPasta Srl a \u00e9t\u00e9 fond\u00e9e par Giuseppe Polverini, propri\u00e9taire de l&#8217;homonyme \u00abMoulin Polverini\u00bb, famille de meuniers depuis quatre g\u00e9n\u00e9rations. Monsieur Polverini garantit l\u2019unique alliance entre go\u00fbt et sant\u00e9 et dit que \u00ab\u00a0FiberPasta reptr\u00e9sente le go\u00fbt authentique des p\u00e2tes italiennes et les b\u00e9n\u00e9fices&#8230;<\/p>\n","protected":false},"author":1,"featured_media":0,"parent":0,"menu_order":0,"comment_status":"closed","ping_status":"closed","template":"","meta":{"_monsterinsights_skip_tracking":false,"_monsterinsights_sitenote_active":false,"_monsterinsights_sitenote_note":"","_monsterinsights_sitenote_category":0,"footnotes":""},"class_list":["post-14965","page","type-page","status-publish","hentry"],"_links":{"self":[{"href":"https:\/\/www.fiberpasta.it\/fr\/wp-json\/wp\/v2\/pages\/14965","targetHints":{"allow":["GET"]}}],"collection":[{"href":"https:\/\/www.fiberpasta.it\/fr\/wp-json\/wp\/v2\/pages"}],"about":[{"href":"https:\/\/www.fiberpasta.it\/fr\/wp-json\/wp\/v2\/types\/page"}],"author":[{"embeddable":true,"href":"https:\/\/www.fiberpasta.it\/fr\/wp-json\/wp\/v2\/users\/1"}],"replies":[{"embeddable":true,"href":"https:\/\/www.fiberpasta.it\/fr\/wp-json\/wp\/v2\/comments?post=14965"}],"version-history":[{"count":24,"href":"https:\/\/www.fiberpasta.it\/fr\/wp-json\/wp\/v2\/pages\/14965\/revisions"}],"predecessor-version":[{"id":16440,"href":"https:\/\/www.fiberpasta.it\/fr\/wp-json\/wp\/v2\/pages\/14965\/revisions\/16440"}],"wp:attachment":[{"href":"https:\/\/www.fiberpasta.it\/fr\/wp-json\/wp\/v2\/media?parent=14965"}],"curies":[{"name":"wp","href":"https:\/\/api.w.org\/{rel}","templated":true}]}}