{"id":15101,"date":"2015-01-21T09:05:50","date_gmt":"2015-01-21T09:05:50","guid":{"rendered":"http:\/\/www.fiberpasta.it\/fr\/?page_id=15101"},"modified":"2022-01-17T10:35:04","modified_gmt":"2022-01-17T10:35:04","slug":"base-a-pizza","status":"publish","type":"page","link":"https:\/\/www.fiberpasta.it\/fr\/base-a-pizza\/","title":{"rendered":"BASE A PIZZA"},"content":{"rendered":"<div class=\"wpb-content-wrapper\"><p>[vc_row css_animation=&#8221;&#8221; row_type=&#8221;row&#8221; use_row_as_full_screen_section=&#8221;no&#8221; type=&#8221;full_width&#8221; angled_section=&#8221;no&#8221; text_align=&#8221;left&#8221; background_image_as_pattern=&#8221;without_pattern&#8221;][vc_column][vc_column_text]<\/p>\n<h3>&#8230; NOTRE GOUTEUSE PIZZA !<\/h3>\n<p>[\/vc_column_text][\/vc_column][\/vc_row][vc_row css_animation=&#8221;&#8221; row_type=&#8221;row&#8221; use_row_as_full_screen_section=&#8221;no&#8221; type=&#8221;full_width&#8221; angled_section=&#8221;no&#8221; text_align=&#8221;left&#8221; background_image_as_pattern=&#8221;without_pattern&#8221;][vc_column][vc_column_text]Les <strong>bases \u00e0 pizza<\/strong> de FiberPasta ont une<strong>\u00a0teneur \u00e9lev\u00e9e en fibres<\/strong> (12<strong>%<\/strong>) et un indice glyc\u00e9mique inf\u00e9rieur aux bases \u00e0 pizza traditionnelles (<strong>IG 37<\/strong>).<br \/>\nElles sont l\u00e9g\u00e8res et savoureuses, pr\u00eates en seulement 5 minutes et peuvent \u00eatre remplies \u00e0 volont\u00e9 avec les ingr\u00e9dients de votre choix.<\/p>\n<p><strong>Teneur en fibres 12%<br \/>\n<\/strong><strong>Index glycemique\u00a0 I.G. 37<br \/>\nVEGAN OK<\/strong>[\/vc_column_text][\/vc_column][\/vc_row][vc_row css_animation=&#8221;&#8221; row_type=&#8221;row&#8221; use_row_as_full_screen_section=&#8221;no&#8221; type=&#8221;full_width&#8221; angled_section=&#8221;no&#8221; text_align=&#8221;left&#8221; background_image_as_pattern=&#8221;without_pattern&#8221;][vc_column][qode_elements_holder number_of_columns=&#8221;two_columns&#8221;][qode_elements_holder_item advanced_animations=&#8221;no&#8221;][vc_single_image image=&#8221;16614&#8243; img_size=&#8221;large&#8221; qode_css_animation=&#8221;&#8221;][\/qode_elements_holder_item][qode_elements_holder_item advanced_animations=&#8221;no&#8221; background_color=&#8221;#ffffff&#8221;][vc_column_text]Ingredients:<br \/>\nfarine FiberPasta (farine de bl\u00e9 tendre, fibre de bl\u00e9, inuline), sel, huile d&#8217;olive extra vierge, levure de bi\u00e8re fra<span lang=\"fr\">\u00eeche, acide sorbique, enzymes.<\/span><\/p>\n<p>Valeurs nutritionnelles\u00a0x 100g:<br \/>\nValeurs energetique\u00a0kJ\/kcal\u00a01033\/247<br \/>\nMati\u00e8res grasses g 2,7<br \/>\ndont:<br \/>\n\u2014 satur\u00e9s g 0,4<br \/>\nHydrates de carbon\u00a0g\u00a044<br \/>\ndont:<br \/>\n\u2014 sucres g 1,4<br \/>\nFibre g 12<br \/>\nProteines g\u00a09<br \/>\nSel\u00a0g 1,5[\/vc_column_text][\/qode_elements_holder_item][\/qode_elements_holder][\/vc_column][\/vc_row][vc_row css_animation=&#8221;&#8221; row_type=&#8221;row&#8221; use_row_as_full_screen_section=&#8221;no&#8221; type=&#8221;full_width&#8221; angled_section=&#8221;no&#8221; text_align=&#8221;left&#8221; background_image_as_pattern=&#8221;without_pattern&#8221; padding_bottom=&#8221;30&#8243;][vc_column][vc_column_text]<\/p>\n<div class=\"vc_row wpb_row section vc_row-fluid\">\n<div class=\" full_section_inner clearfix\">\n<div class=\"vc_col-sm-12 wpb_column vc_column_container\">\n<div class=\"wpb_wrapper\">\n<div class=\"wpb_text_column wpb_content_element \">\n<div class=\"wpb_wrapper\">\n<p>European consumers can buy FiberPasta products online on our <a href=\"http:\/\/www.fiberpastashop.it\/\" target=\"_blank\" rel=\"noopener noreferrer\">e-commerce.<br \/>\n<\/a>For any further information or inquiries: <a title=\"Email FiberPasta\" href=\"http:\/\/www.fiberpasta.it\/fr\/pasta\/info@fiberpasta.it\" target=\"_blank\" rel=\"noopener noreferrer\">info@fiberpasta.it<\/a><\/p>\n<p><em>It is recommend to use FiberPasta products in association with a healthy lifestyle<\/em><\/p>\n<\/div>\n<\/div>\n<\/div>\n<\/div>\n<\/div>\n<\/div>\n<p>[\/vc_column_text][\/vc_column][\/vc_row]<\/p>\n<\/div>","protected":false},"excerpt":{"rendered":"<p>[vc_row css_animation=&#8221;&#8221; row_type=&#8221;row&#8221; use_row_as_full_screen_section=&#8221;no&#8221; type=&#8221;full_width&#8221; angled_section=&#8221;no&#8221; text_align=&#8221;left&#8221; background_image_as_pattern=&#8221;without_pattern&#8221;][vc_column][vc_column_text] &#8230; NOTRE GOUTEUSE PIZZA ! [\/vc_column_text][\/vc_column][\/vc_row][vc_row css_animation=&#8221;&#8221; row_type=&#8221;row&#8221; use_row_as_full_screen_section=&#8221;no&#8221; type=&#8221;full_width&#8221; angled_section=&#8221;no&#8221; text_align=&#8221;left&#8221; background_image_as_pattern=&#8221;without_pattern&#8221;][vc_column][vc_column_text]Les bases \u00e0 pizza de FiberPasta ont une\u00a0teneur \u00e9lev\u00e9e en fibres (12%) et un indice glyc\u00e9mique inf\u00e9rieur aux bases \u00e0 pizza traditionnelles (IG 37). Elles&#8230;<\/p>\n","protected":false},"author":1,"featured_media":0,"parent":0,"menu_order":0,"comment_status":"closed","ping_status":"closed","template":"","meta":{"_monsterinsights_skip_tracking":false,"_monsterinsights_sitenote_active":false,"_monsterinsights_sitenote_note":"","_monsterinsights_sitenote_category":0,"footnotes":""},"class_list":["post-15101","page","type-page","status-publish","hentry"],"_links":{"self":[{"href":"https:\/\/www.fiberpasta.it\/fr\/wp-json\/wp\/v2\/pages\/15101","targetHints":{"allow":["GET"]}}],"collection":[{"href":"https:\/\/www.fiberpasta.it\/fr\/wp-json\/wp\/v2\/pages"}],"about":[{"href":"https:\/\/www.fiberpasta.it\/fr\/wp-json\/wp\/v2\/types\/page"}],"author":[{"embeddable":true,"href":"https:\/\/www.fiberpasta.it\/fr\/wp-json\/wp\/v2\/users\/1"}],"replies":[{"embeddable":true,"href":"https:\/\/www.fiberpasta.it\/fr\/wp-json\/wp\/v2\/comments?post=15101"}],"version-history":[{"count":27,"href":"https:\/\/www.fiberpasta.it\/fr\/wp-json\/wp\/v2\/pages\/15101\/revisions"}],"predecessor-version":[{"id":16819,"href":"https:\/\/www.fiberpasta.it\/fr\/wp-json\/wp\/v2\/pages\/15101\/revisions\/16819"}],"wp:attachment":[{"href":"https:\/\/www.fiberpasta.it\/fr\/wp-json\/wp\/v2\/media?parent=15101"}],"curies":[{"name":"wp","href":"https:\/\/api.w.org\/{rel}","templated":true}]}}