{"id":15293,"date":"2015-01-22T12:28:58","date_gmt":"2015-01-22T12:28:58","guid":{"rendered":"http:\/\/www.fiberpasta.it\/fr\/?page_id=15293"},"modified":"2016-07-19T14:16:13","modified_gmt":"2016-07-19T14:16:13","slug":"la-fibre-alimentaire-et-l-index-glycemique","status":"publish","type":"page","link":"https:\/\/www.fiberpasta.it\/fr\/la-fibre-alimentaire-et-l-index-glycemique\/","title":{"rendered":"LA FIBRE ALIMENTAIRE ET L&#8217;INDEX GLYCEMIQUE"},"content":{"rendered":"<div class=\"wpb-content-wrapper\"><p>[vc_row row_type=&#8221;row&#8221; use_row_as_full_screen_section=&#8221;no&#8221; type=&#8221;full_width&#8221; text_align=&#8221;left&#8221; background_image_as_pattern=&#8221;without_pattern&#8221; padding_bottom=&#8221;30&#8243;][vc_column width=&#8221;1\/2&#8243;][vc_column_text]<strong>LA FIBRE ALIMENTAIRE<\/strong><\/p>\n<p>La fibre alimentaire ou di\u00e9t\u00e9tique, appartient \u00e0 la famille des hydrates de carbone mais contrairement \u00e0 eux, elle n\u2019apporte pas de calories (les seules calories pr\u00e9sent\u00e9s sont annul\u00e9es par l&#8217;\u00e9nergie n\u00e9cessaire \u00e0 les absorber).<br \/>\nLes fibres alimentaires se classifient en soluble et insoluble, en fonction de leur solubilit\u00e9 dans l&#8217;eau.<br \/>\nLa fibre insoluble diminue la sensation de faim et c&#8217;est pour cela qu\u2019elle contribue au contr\u00f4le du poids, combat la constipation.<br \/>\nLa fibre soluble forme un gel qui retarde l&#8217;absorption des sucres et des grasses et qui contribue \u00e0 r\u00e9duire le niveau du cholest\u00e9rol dans le sang; \u00a0pour cette raison elle est utile m\u00eame aux diab\u00e9tiques, car elle retarde et r\u00e9duit les pics glyc\u00e9miques.<\/p>\n<p><strong>INULINE:<\/strong><\/p>\n<p>L\u2019inuline est une fibre di\u00e9t\u00e9tique soluble qu\u2019 on extrait de la racine de chicor\u00e9e et a une valeur calorique de 1kcal\/g.<br \/>\nBeaucoup d&#8217;\u00e9tudes montrent clairement que l&#8217;administration d&#8217;inuline est particuli\u00e8rement efficace pour l\u2019organisme car elle stimule le m\u00e9tabolisme et augmente l&#8217;activit\u00e9 des bifidus , tout avantage \u00e0 la bonne sant\u00e9 du colon.[\/vc_column_text][\/vc_column][vc_column width=&#8221;1\/2&#8243;][vc_single_image image=&#8221;16389&#8243; border_color=&#8221;grey&#8221; img_link_target=&#8221;_self&#8221; img_size=&#8221;medium&#8221;][\/vc_column][\/vc_row][vc_row row_type=&#8221;row&#8221; use_row_as_full_screen_section=&#8221;no&#8221; type=&#8221;full_width&#8221; text_align=&#8221;left&#8221; background_image_as_pattern=&#8221;without_pattern&#8221;][vc_column width=&#8221;1\/2&#8243;][vc_column_text]<strong>AMIDON RESISTANT<br \/>\n<\/strong><br \/>\nL\u2019amidon r\u00e9sistant favorise l\u2019absorption lente des hydrates de carbone, retarde et r\u00e9duit les pics glyc\u00e9miques et, comme la fibre soluble, nourrit les bifidus.<br \/>\nDonc, \u00a0l&#8217;amidon r\u00e9sistant et l&#8217;inuline ont une excellente action pr\u00e9biotique.<br \/>\nUn pr\u00e9biotique est d\u00e9fini comme une substance non digestible qui induit un effet b\u00e9n\u00e9fique \u00e0 l&#8217;organisme gr\u00e2ce \u00e0 la stimulation s\u00e9lective de la croissance et\/ou \u00e0 l&#8217;activation d\u2019une ou plusieurs bact\u00e9ries de l\u2019intestin et qui permet de r\u00e9\u00e9quilibrer la flore bact\u00e9rienne intestinale.<\/p>\n<p>&nbsp;<\/p>\n<p>&nbsp;<\/p>\n<p><strong><br \/>\n<\/strong>[\/vc_column_text][\/vc_column][vc_column width=&#8221;1\/2&#8243;][vc_single_image image=&#8221;16388&#8243; border_color=&#8221;grey&#8221; img_link_target=&#8221;_self&#8221; img_size=&#8221;medium&#8221;][\/vc_column][\/vc_row]<\/p>\n<\/div>","protected":false},"excerpt":{"rendered":"<p>[vc_row row_type=&#8221;row&#8221; use_row_as_full_screen_section=&#8221;no&#8221; type=&#8221;full_width&#8221; text_align=&#8221;left&#8221; background_image_as_pattern=&#8221;without_pattern&#8221; padding_bottom=&#8221;30&#8243;][vc_column width=&#8221;1\/2&#8243;][vc_column_text]LA FIBRE ALIMENTAIRE La fibre alimentaire ou di\u00e9t\u00e9tique, appartient \u00e0 la famille des hydrates de carbone mais contrairement \u00e0 eux, elle n\u2019apporte pas de calories (les seules calories pr\u00e9sent\u00e9s sont annul\u00e9es par l&#8217;\u00e9nergie n\u00e9cessaire \u00e0 les absorber). Les&#8230;<\/p>\n","protected":false},"author":1,"featured_media":0,"parent":0,"menu_order":0,"comment_status":"open","ping_status":"closed","template":"","meta":{"_monsterinsights_skip_tracking":false,"_monsterinsights_sitenote_active":false,"_monsterinsights_sitenote_note":"","_monsterinsights_sitenote_category":0,"footnotes":""},"class_list":["post-15293","page","type-page","status-publish","hentry"],"_links":{"self":[{"href":"https:\/\/www.fiberpasta.it\/fr\/wp-json\/wp\/v2\/pages\/15293","targetHints":{"allow":["GET"]}}],"collection":[{"href":"https:\/\/www.fiberpasta.it\/fr\/wp-json\/wp\/v2\/pages"}],"about":[{"href":"https:\/\/www.fiberpasta.it\/fr\/wp-json\/wp\/v2\/types\/page"}],"author":[{"embeddable":true,"href":"https:\/\/www.fiberpasta.it\/fr\/wp-json\/wp\/v2\/users\/1"}],"replies":[{"embeddable":true,"href":"https:\/\/www.fiberpasta.it\/fr\/wp-json\/wp\/v2\/comments?post=15293"}],"version-history":[{"count":29,"href":"https:\/\/www.fiberpasta.it\/fr\/wp-json\/wp\/v2\/pages\/15293\/revisions"}],"predecessor-version":[{"id":16445,"href":"https:\/\/www.fiberpasta.it\/fr\/wp-json\/wp\/v2\/pages\/15293\/revisions\/16445"}],"wp:attachment":[{"href":"https:\/\/www.fiberpasta.it\/fr\/wp-json\/wp\/v2\/media?parent=15293"}],"curies":[{"name":"wp","href":"https:\/\/api.w.org\/{rel}","templated":true}]}}