{"id":15299,"date":"2015-01-22T12:30:26","date_gmt":"2015-01-22T12:30:26","guid":{"rendered":"http:\/\/www.fiberpasta.it\/fr\/?page_id=15299"},"modified":"2021-04-06T15:41:48","modified_gmt":"2021-04-06T15:41:48","slug":"diabetiques","status":"publish","type":"page","link":"https:\/\/www.fiberpasta.it\/fr\/diabetiques\/","title":{"rendered":"FIBERPASTA POUR LES DIABETIQUES"},"content":{"rendered":"<div class=\"wpb-content-wrapper\"><p>[vc_row css_animation=&#8221;&#8221; row_type=&#8221;row&#8221; use_row_as_full_screen_section=&#8221;no&#8221; type=&#8221;full_width&#8221; angled_section=&#8221;no&#8221; text_align=&#8221;left&#8221; background_image_as_pattern=&#8221;without_pattern&#8221;][vc_column][vc_column_text]<\/p>\n<h3>FIBERPASTA\u00a0POUR LES DIABETIQUES<\/h3>\n<p>[\/vc_column_text][\/vc_column][\/vc_row][vc_row css_animation=&#8221;&#8221; row_type=&#8221;row&#8221; use_row_as_full_screen_section=&#8221;no&#8221; type=&#8221;full_width&#8221; angled_section=&#8221;no&#8221; text_align=&#8221;left&#8221; background_image_as_pattern=&#8221;without_pattern&#8221; padding_bottom=&#8221;30&#8243;][vc_column width=&#8221;1\/2&#8243;][vc_column_text]Les p\u00e2tes FiberPasta on un IG tr\u00e8s bas (gr\u00e2ce aux fibres solubles qui r\u00e9duit le pic glyc\u00e9mique). Le calcule de la fibre comprend l\u2019amidon r\u00e9sistant, c&#8217;est \u00e0 dire un amidon qui, par des modifications de structure, a \u00e9t\u00e9 g\u00e9latinis\u00e9 et r\u00e9siste \u00e0 la digestion, afin de retarder et r\u00e9duire les pics glyc\u00e9miques.<\/p>\n<p><strong>En 2001, les p\u00e2tes FiberPasta \u00ae ont \u00e9t\u00e9 reconnues par le Minist\u00e8re de la Sant\u00e9 Italien comme\u00a0&#8220;Aliments utiles aux diab\u00e9tiques&#8221;.\u00a0<\/strong><\/p>\n<p><strong><a href=\"http:\/\/www.fiberpasta.it\/fr\/wp-content\/uploads\/2015\/01\/Fiberpasta_glycemic_index.pdf\">FiberPasta_glycemic_index_report (download)<\/a><\/strong>[\/vc_column_text][\/vc_column][vc_column width=&#8221;1\/2&#8243;][vc_single_image image=&#8221;16383&#8243; img_size=&#8221;medium&#8221; qode_css_animation=&#8221;&#8221;][\/vc_column][\/vc_row][vc_row css_animation=&#8221;&#8221; row_type=&#8221;row&#8221; use_row_as_full_screen_section=&#8221;no&#8221; type=&#8221;full_width&#8221; angled_section=&#8221;no&#8221; text_align=&#8221;left&#8221; background_image_as_pattern=&#8221;without_pattern&#8221;][vc_column width=&#8221;1\/2&#8243;][vc_column_text]Les p\u00e2tes FiberPasta ont la m\u00eame bonnes saveur que les p\u00e2tes traditionnelles de bl\u00e9 dur m\u00eame si elles contiennent le 15% de fibres alimentaires, soit plus du double des fibres que celles int\u00e9grales.<br \/>\nLes p\u00e2tes FiberPasta se composent de bl\u00e9 (98%) et inuline (2%). L\u2019inuline est une fibre v\u00e9g\u00e9tale soluble.<\/p>\n<p><strong>La haute quantit\u00e9 de fibres soluble et insoluble contenue dans les p\u00e2tes FiberPasta est utile pour toutes les personnes qui ont des probl\u00e8mes de DIABETE, SURPOIDS, CHOLESTEROL et CONSTIPATION.<\/strong><\/p>\n<p>Les p\u00e2tes FiberPasta favorisent l\u2019absorption lente des hydrates de carbone, donc elles contribuent \u00e0 la r\u00e9duction du poids et du niveau de cholest\u00e9rol. Elles contiennent moins de calories que les p\u00e2tes traditionnelles.<\/p>\n<p>Elles augmentent le sentiment de sati\u00e9t\u00e9 sans provoquer le gonflement du ventre.<\/p>\n<p>L&#8217;\u00e9lev\u00e9e teneur en fibres aide \u00e0 r\u00e9gulariser le fonctionnement intestinal et r\u00e9duit la constipation.<\/p>\n<p><em>\u00a0<\/em>[\/vc_column_text][\/vc_column][vc_column width=&#8221;1\/2&#8243;][vc_single_image image=&#8221;16124&#8243; img_size=&#8221;medium&#8221; qode_css_animation=&#8221;&#8221;][\/vc_column][\/vc_row]<\/p>\n<\/div>","protected":false},"excerpt":{"rendered":"<p>[vc_row css_animation=&#8221;&#8221; row_type=&#8221;row&#8221; use_row_as_full_screen_section=&#8221;no&#8221; type=&#8221;full_width&#8221; angled_section=&#8221;no&#8221; text_align=&#8221;left&#8221; background_image_as_pattern=&#8221;without_pattern&#8221;][vc_column][vc_column_text] FIBERPASTA\u00a0POUR LES DIABETIQUES [\/vc_column_text][\/vc_column][\/vc_row][vc_row css_animation=&#8221;&#8221; row_type=&#8221;row&#8221; use_row_as_full_screen_section=&#8221;no&#8221; type=&#8221;full_width&#8221; angled_section=&#8221;no&#8221; text_align=&#8221;left&#8221; background_image_as_pattern=&#8221;without_pattern&#8221; padding_bottom=&#8221;30&#8243;][vc_column width=&#8221;1\/2&#8243;][vc_column_text]Les p\u00e2tes FiberPasta on un IG tr\u00e8s bas (gr\u00e2ce aux fibres solubles qui r\u00e9duit le pic glyc\u00e9mique). Le calcule de la fibre comprend l\u2019amidon r\u00e9sistant,&#8230;<\/p>\n","protected":false},"author":1,"featured_media":0,"parent":0,"menu_order":0,"comment_status":"closed","ping_status":"closed","template":"","meta":{"_monsterinsights_skip_tracking":false,"_monsterinsights_sitenote_active":false,"_monsterinsights_sitenote_note":"","_monsterinsights_sitenote_category":0,"footnotes":""},"class_list":["post-15299","page","type-page","status-publish","hentry"],"_links":{"self":[{"href":"https:\/\/www.fiberpasta.it\/fr\/wp-json\/wp\/v2\/pages\/15299","targetHints":{"allow":["GET"]}}],"collection":[{"href":"https:\/\/www.fiberpasta.it\/fr\/wp-json\/wp\/v2\/pages"}],"about":[{"href":"https:\/\/www.fiberpasta.it\/fr\/wp-json\/wp\/v2\/types\/page"}],"author":[{"embeddable":true,"href":"https:\/\/www.fiberpasta.it\/fr\/wp-json\/wp\/v2\/users\/1"}],"replies":[{"embeddable":true,"href":"https:\/\/www.fiberpasta.it\/fr\/wp-json\/wp\/v2\/comments?post=15299"}],"version-history":[{"count":27,"href":"https:\/\/www.fiberpasta.it\/fr\/wp-json\/wp\/v2\/pages\/15299\/revisions"}],"predecessor-version":[{"id":16682,"href":"https:\/\/www.fiberpasta.it\/fr\/wp-json\/wp\/v2\/pages\/15299\/revisions\/16682"}],"wp:attachment":[{"href":"https:\/\/www.fiberpasta.it\/fr\/wp-json\/wp\/v2\/media?parent=15299"}],"curies":[{"name":"wp","href":"https:\/\/api.w.org\/{rel}","templated":true}]}}