{"id":15313,"date":"2015-01-22T12:34:16","date_gmt":"2015-01-22T12:34:16","guid":{"rendered":"http:\/\/www.fiberpasta.it\/fr\/?page_id=15313"},"modified":"2022-12-09T14:49:39","modified_gmt":"2022-12-09T14:49:39","slug":"farine","status":"publish","type":"page","link":"https:\/\/www.fiberpasta.it\/fr\/farine\/","title":{"rendered":"FARINE"},"content":{"rendered":"<div class=\"wpb-content-wrapper\"><p>[vc_row css_animation=&#8221;&#8221; row_type=&#8221;row&#8221; use_row_as_full_screen_section=&#8221;no&#8221; type=&#8221;full_width&#8221; angled_section=&#8221;no&#8221; text_align=&#8221;left&#8221; background_image_as_pattern=&#8221;without_pattern&#8221; padding_bottom=&#8221;30&#8243;][vc_column][vc_column_text]<\/p>\n<h3>LA FARINE FIBERPASTA \u00e0 IG BAS, LE &#8220;COEUR&#8221; DE NOS PRODUITS<\/h3>\n<p>Pour r\u00e9aliser: pain, pizza, desserts, p\u00e2tes fra\u00eeches et beaucoup d&#8217;autres produits&#8230;<\/p>\n<p><em><strong>INDEX GLYCEMIQUE\u00a0 29<\/strong><\/em><em><strong><br \/>\nHAUTE TENEUR EN FIBRES: 15%<\/strong><\/em>[\/vc_column_text][\/vc_column][\/vc_row][vc_row css_animation=&#8221;&#8221; row_type=&#8221;row&#8221; use_row_as_full_screen_section=&#8221;no&#8221; type=&#8221;full_width&#8221; angled_section=&#8221;no&#8221; text_align=&#8221;left&#8221; background_image_as_pattern=&#8221;without_pattern&#8221;][vc_column][qode_elements_holder number_of_columns=&#8221;two_columns&#8221;][qode_elements_holder_item advanced_animations=&#8221;no&#8221;][vc_single_image image=&#8221;16613&#8243; img_size=&#8221;large&#8221; qode_css_animation=&#8221;&#8221;][\/qode_elements_holder_item][qode_elements_holder_item advanced_animations=&#8221;no&#8221; background_color=&#8221;#ffffff&#8221;][vc_column_text]La farine FiberPasta ne contient pas la lignine du son et a une couleur claire comme les farines traditionnelles.<br \/>\nElle est sans conservateur.<\/p>\n<p>Ingr\u00e9dients: farine de bl\u00e9 tendre 0, fibre de bl\u00e9 12%, inuline 2%.<\/p>\n<p>Valeurs nutritionnelles\u00a0x 100g:<br \/>\nValeurs energ\u00e9tique\u00a0 kJ\/kcal\u00a01381\/330<br \/>\nMati\u00e8res grasses g 1<br \/>\ndont:<br \/>\n\u2014 satur\u00e9s g 0,5<br \/>\nHydrates de carbone\u00a0g 58<br \/>\ndont:<br \/>\n\u2014 sucres g 1,9<br \/>\nFibre g 15<br \/>\nProt\u00e9ines g 12<br \/>\nSel g 0[\/vc_column_text][\/qode_elements_holder_item][\/qode_elements_holder][\/vc_column][\/vc_row][vc_row css_animation=&#8221;&#8221; row_type=&#8221;row&#8221; use_row_as_full_screen_section=&#8221;no&#8221; type=&#8221;full_width&#8221; angled_section=&#8221;no&#8221; text_align=&#8221;left&#8221; background_image_as_pattern=&#8221;without_pattern&#8221;][vc_column][vc_column_text]<\/p>\n<h3>PROPRI\u00e9T\u00e9S FONCTIONNELLES<\/h3>\n<p>[\/vc_column_text][\/vc_column][\/vc_row][vc_row css_animation=&#8221;&#8221; row_type=&#8221;row&#8221; use_row_as_full_screen_section=&#8221;no&#8221; type=&#8221;full_width&#8221; angled_section=&#8221;no&#8221; text_align=&#8221;left&#8221; background_image_as_pattern=&#8221;without_pattern&#8221; z_index=&#8221;&#8221; padding_bottom=&#8221;30&#8243;][vc_column][vc_column_text]La farine FiberPasta a:<\/p>\n<ul>\n<li><strong>Un faible indice glyc\u00e9mique: IG 29<\/strong>.<\/li>\n<li><strong>Une haute teneur en fibres de 15%,<\/strong> soit plus du double de l\u2019int\u00e9grale<\/li>\n<li>Bon go\u00fbt que les farines traditionnelles.<\/li>\n<\/ul>\n<p><strong>La haute quantit\u00e9 de fibres soluble et insoluble contenue dans la farine FiberPasta est utile pour toutes les personnes qui ont des probl\u00e8mes de DIABETE, SURPOIDS, CHOLESTEROL et CONSTIPATION.<\/strong>[\/vc_column_text][\/vc_column][\/vc_row][vc_row css_animation=&#8221;&#8221; row_type=&#8221;row&#8221; use_row_as_full_screen_section=&#8221;no&#8221; type=&#8221;full_width&#8221; angled_section=&#8221;no&#8221; text_align=&#8221;left&#8221; background_image_as_pattern=&#8221;without_pattern&#8221;][vc_column][vc_column_text]<\/p>\n<h3>FAIBLE TENEUR EN NICKEL<\/h3>\n<p>[\/vc_column_text][\/vc_column][\/vc_row][vc_row css_animation=&#8221;&#8221; row_type=&#8221;row&#8221; use_row_as_full_screen_section=&#8221;no&#8221; type=&#8221;full_width&#8221; angled_section=&#8221;no&#8221; text_align=&#8221;left&#8221; background_image_as_pattern=&#8221;without_pattern&#8221; z_index=&#8221;&#8221; padding_bottom=&#8221;30&#8243;][vc_column][vc_column_text]La farine FiberPasta a une<strong> faible teneur en nickel<\/strong>: <strong>0.060mg\/Kg<\/strong> <strong>(60 microgrammes)<\/strong>. Cela permet de prendre des fibres mais avec une faible teneur en nickel, il diff\u00e8re des farines de bl\u00e9 entier o\u00f9 la teneur en nickel est plus \u00e9lev\u00e9e (car ce m\u00e9tal est concentr\u00e9 dans le son de bl\u00e9 entier).<\/p>\n<p><em><strong>Valeurs de r\u00e9f\u00e9rence de la teneur en nickel:<\/strong><br \/>\n<\/em><em>De 50 \u00e0 199 microgrammes \/ 1 Kg environ\u00a0 &#8212;&#8211; faible teneur en nickel<br \/>\n<\/em><em>De 200 \u00e0 1000 microgrammes\u00a0 \/ 1 Kg environ &#8212;- teneur moyenne en nickel<br \/>\n<\/em><em>Plus de 1000 microgrammes\u00a0 \/ 1 Kg environ &#8212;&#8211; teneur \u00e9lev\u00e9e en nickel<\/em>[\/vc_column_text][\/vc_column][\/vc_row][vc_row css_animation=&#8221;&#8221; row_type=&#8221;row&#8221; use_row_as_full_screen_section=&#8221;no&#8221; type=&#8221;full_width&#8221; angled_section=&#8221;no&#8221; text_align=&#8221;left&#8221; background_image_as_pattern=&#8221;without_pattern&#8221; padding_bottom=&#8221;20&#8243; z_index=&#8221;&#8221;][vc_column][vc_column_text]<\/p>\n<div class=\"vc_row wpb_row section vc_row-fluid\">\n<div class=\" full_section_inner clearfix\">\n<div class=\"vc_col-sm-12 wpb_column vc_column_container\">\n<div class=\"wpb_wrapper\">\n<div class=\"wpb_text_column wpb_content_element \">\n<div class=\"wpb_wrapper\">In Italy FiberPasta products are sold into <a title=\"Punti vendita FiberPasta\" href=\"http:\/\/www.fiberpasta.it\/fr\/directory\/\" target=\"_blank\" rel=\"noopener noreferrer\">supermarkets or specialty stores.<br \/>\n<\/a>European consumers can buy FiberPasta products online on our <a href=\"http:\/\/www.fiberpastashop.it\/\" target=\"_blank\" rel=\"noopener noreferrer\">e-commerce.<br \/>\n<\/a>For any further information or inquiries: <a title=\"Email FiberPasta\" href=\"info@fiberpasta.it\" target=\"_blank\" rel=\"noopener noreferrer\">info@fiberpasta.it <\/a><\/div>\n<\/div>\n<\/div>\n<\/div>\n<\/div>\n<\/div>\n<p>[\/vc_column_text][\/vc_column][\/vc_row][vc_row css_animation=&#8221;&#8221; row_type=&#8221;row&#8221; use_row_as_full_screen_section=&#8221;no&#8221; type=&#8221;full_width&#8221; angled_section=&#8221;no&#8221; text_align=&#8221;left&#8221; background_image_as_pattern=&#8221;without_pattern&#8221; z_index=&#8221;&#8221; padding_bottom=&#8221;30&#8243;][vc_column][vc_column_text]<\/p>\n<p><em>It is recommend to use FiberPasta products in association with a healthy lifestyle<\/em><\/p>\n<p>[\/vc_column_text][\/vc_column][\/vc_row]<\/p>\n<\/div>","protected":false},"excerpt":{"rendered":"<p>[vc_row css_animation=&#8221;&#8221; row_type=&#8221;row&#8221; use_row_as_full_screen_section=&#8221;no&#8221; type=&#8221;full_width&#8221; angled_section=&#8221;no&#8221; text_align=&#8221;left&#8221; background_image_as_pattern=&#8221;without_pattern&#8221; padding_bottom=&#8221;30&#8243;][vc_column][vc_column_text] LA FARINE FIBERPASTA \u00e0 IG BAS, LE &#8220;COEUR&#8221; DE NOS PRODUITS Pour r\u00e9aliser: pain, pizza, desserts, p\u00e2tes fra\u00eeches et beaucoup d&#8217;autres produits&#8230; INDEX GLYCEMIQUE\u00a0 29 HAUTE TENEUR EN FIBRES: 15%[\/vc_column_text][\/vc_column][\/vc_row][vc_row css_animation=&#8221;&#8221; row_type=&#8221;row&#8221; use_row_as_full_screen_section=&#8221;no&#8221; type=&#8221;full_width&#8221; angled_section=&#8221;no&#8221; text_align=&#8221;left&#8221;&#8230;<\/p>\n","protected":false},"author":1,"featured_media":0,"parent":0,"menu_order":0,"comment_status":"closed","ping_status":"closed","template":"","meta":{"_monsterinsights_skip_tracking":false,"_monsterinsights_sitenote_active":false,"_monsterinsights_sitenote_note":"","_monsterinsights_sitenote_category":0,"footnotes":""},"class_list":["post-15313","page","type-page","status-publish","hentry"],"_links":{"self":[{"href":"https:\/\/www.fiberpasta.it\/fr\/wp-json\/wp\/v2\/pages\/15313","targetHints":{"allow":["GET"]}}],"collection":[{"href":"https:\/\/www.fiberpasta.it\/fr\/wp-json\/wp\/v2\/pages"}],"about":[{"href":"https:\/\/www.fiberpasta.it\/fr\/wp-json\/wp\/v2\/types\/page"}],"author":[{"embeddable":true,"href":"https:\/\/www.fiberpasta.it\/fr\/wp-json\/wp\/v2\/users\/1"}],"replies":[{"embeddable":true,"href":"https:\/\/www.fiberpasta.it\/fr\/wp-json\/wp\/v2\/comments?post=15313"}],"version-history":[{"count":49,"href":"https:\/\/www.fiberpasta.it\/fr\/wp-json\/wp\/v2\/pages\/15313\/revisions"}],"predecessor-version":[{"id":16833,"href":"https:\/\/www.fiberpasta.it\/fr\/wp-json\/wp\/v2\/pages\/15313\/revisions\/16833"}],"wp:attachment":[{"href":"https:\/\/www.fiberpasta.it\/fr\/wp-json\/wp\/v2\/media?parent=15313"}],"curies":[{"name":"wp","href":"https:\/\/api.w.org\/{rel}","templated":true}]}}