{"id":15319,"date":"2015-01-22T12:35:42","date_gmt":"2015-01-22T12:35:42","guid":{"rendered":"http:\/\/www.fiberpasta.it\/fr\/?page_id=15319"},"modified":"2021-05-25T08:56:18","modified_gmt":"2021-05-25T08:56:18","slug":"piadina","status":"publish","type":"page","link":"https:\/\/www.fiberpasta.it\/fr\/piadina\/","title":{"rendered":"PIADINA"},"content":{"rendered":"<div class=\"wpb-content-wrapper\"><p>[vc_row css_animation=&#8221;&#8221; row_type=&#8221;row&#8221; use_row_as_full_screen_section=&#8221;no&#8221; type=&#8221;full_width&#8221; angled_section=&#8221;no&#8221; text_align=&#8221;left&#8221; background_image_as_pattern=&#8221;without_pattern&#8221; padding_bottom=&#8221;30&#8243;][vc_column][vc_column_text]<\/p>\n<h3>\u00a0<strong>LA PIADINA, UN PLAT TYPIQUE DE LA REGION ITALIENNE EMILIA ROMAGNA<\/strong><\/h3>\n<p><strong>Teneur \u00e9l\u00e9v\u00e9e en fibre 10%<br \/>\nIndice glycemique bas: I.G. 34<br \/>\nVegan OK<\/strong><\/p>\n<p>Disponible en paquet de 300g (3 piadine)[\/vc_column_text][\/vc_column][\/vc_row][vc_row css_animation=&#8221;&#8221; row_type=&#8221;row&#8221; use_row_as_full_screen_section=&#8221;no&#8221; type=&#8221;full_width&#8221; angled_section=&#8221;no&#8221; text_align=&#8221;left&#8221; background_image_as_pattern=&#8221;without_pattern&#8221;][vc_column][qode_elements_holder number_of_columns=&#8221;two_columns&#8221;][qode_elements_holder_item advanced_animations=&#8221;no&#8221;][vc_single_image image=&#8221;15262&#8243; img_size=&#8221;full&#8221; qode_css_animation=&#8221;&#8221;][\/qode_elements_holder_item][qode_elements_holder_item advanced_animations=&#8221;no&#8221; background_color=&#8221;#ffffff&#8221;][vc_column_text]Ingr\u00e9dients:<br \/>\nfarine de bl\u00e9 tendre , eau, huile de tournesol \u00e0 haute teneur ol\u00e9ique, fibre de bl\u00e9, inuline, sel, conservateur propionate de calcium<\/p>\n<p>Valeur nutritionnelles\u00a0x 100g:<br \/>\nValeurs en\u00e9rgetiques\u00a0 kJ\/kcal\u00a01131\/270<br \/>\nGraisses g 7,9<br \/>\ndont:<br \/>\n\u2014 satur\u00e9s g 0,2<br \/>\nHydrates de carbone\u00a0g\u00a038<br \/>\ndont:<br \/>\n\u2014 sucres g 0,8<br \/>\nFibre g 10<br \/>\nProteines g 10<br \/>\nSel\u00a0g 0,2[\/vc_column_text][\/qode_elements_holder_item][\/qode_elements_holder][\/vc_column][\/vc_row][vc_row css_animation=&#8221;&#8221; row_type=&#8221;row&#8221; use_row_as_full_screen_section=&#8221;no&#8221; type=&#8221;full_width&#8221; angled_section=&#8221;no&#8221; text_align=&#8221;left&#8221; background_image_as_pattern=&#8221;without_pattern&#8221;][vc_column][vc_column_text]In Italy FiberPasta products are sold into <a title=\"Punti vendita FiberPasta\" href=\"http:\/\/www.fiberpasta.it\/fr\/directory\/\" target=\"_blank\" rel=\"noopener noreferrer\">supermarkets or specialty stores.<br \/>\n<\/a>European consumers can buy FiberPasta products online on our <a href=\"http:\/\/www.fiberpastashop.it\/\" target=\"_blank\" rel=\"noopener noreferrer\">e-commerce.<br \/>\n<\/a>For any further information or inquiries: <a title=\"Email FiberPasta\" href=\"info@fiberpasta.it\" target=\"_blank\" rel=\"noopener noreferrer\">info@fiberpasta.it <\/a>[\/vc_column_text][\/vc_column][\/vc_row][vc_row css_animation=&#8221;&#8221; row_type=&#8221;row&#8221; use_row_as_full_screen_section=&#8221;no&#8221; type=&#8221;full_width&#8221; angled_section=&#8221;no&#8221; text_align=&#8221;left&#8221; background_image_as_pattern=&#8221;without_pattern&#8221; padding_bottom=&#8221;30&#8243;][vc_column][vc_column_text]<\/p>\n<p><em>It is recommend to use FiberPasta products in association with a healthy lifestyle.<\/em><\/p>\n<p>[\/vc_column_text][\/vc_column][\/vc_row]<\/p>\n<\/div>","protected":false},"excerpt":{"rendered":"<p>[vc_row css_animation=&#8221;&#8221; row_type=&#8221;row&#8221; use_row_as_full_screen_section=&#8221;no&#8221; type=&#8221;full_width&#8221; angled_section=&#8221;no&#8221; text_align=&#8221;left&#8221; background_image_as_pattern=&#8221;without_pattern&#8221; padding_bottom=&#8221;30&#8243;][vc_column][vc_column_text] \u00a0LA PIADINA, UN PLAT TYPIQUE DE LA REGION ITALIENNE EMILIA ROMAGNA Teneur \u00e9l\u00e9v\u00e9e en fibre 10% Indice glycemique bas: I.G. 34 Vegan OK Disponible en paquet de 300g (3 piadine)[\/vc_column_text][\/vc_column][\/vc_row][vc_row css_animation=&#8221;&#8221; row_type=&#8221;row&#8221; use_row_as_full_screen_section=&#8221;no&#8221; type=&#8221;full_width&#8221; angled_section=&#8221;no&#8221; text_align=&#8221;left&#8221;&#8230;<\/p>\n","protected":false},"author":1,"featured_media":0,"parent":0,"menu_order":0,"comment_status":"closed","ping_status":"closed","template":"","meta":{"_monsterinsights_skip_tracking":false,"_monsterinsights_sitenote_active":false,"_monsterinsights_sitenote_note":"","_monsterinsights_sitenote_category":0,"footnotes":""},"class_list":["post-15319","page","type-page","status-publish","hentry"],"_links":{"self":[{"href":"https:\/\/www.fiberpasta.it\/fr\/wp-json\/wp\/v2\/pages\/15319","targetHints":{"allow":["GET"]}}],"collection":[{"href":"https:\/\/www.fiberpasta.it\/fr\/wp-json\/wp\/v2\/pages"}],"about":[{"href":"https:\/\/www.fiberpasta.it\/fr\/wp-json\/wp\/v2\/types\/page"}],"author":[{"embeddable":true,"href":"https:\/\/www.fiberpasta.it\/fr\/wp-json\/wp\/v2\/users\/1"}],"replies":[{"embeddable":true,"href":"https:\/\/www.fiberpasta.it\/fr\/wp-json\/wp\/v2\/comments?post=15319"}],"version-history":[{"count":23,"href":"https:\/\/www.fiberpasta.it\/fr\/wp-json\/wp\/v2\/pages\/15319\/revisions"}],"predecessor-version":[{"id":16732,"href":"https:\/\/www.fiberpasta.it\/fr\/wp-json\/wp\/v2\/pages\/15319\/revisions\/16732"}],"wp:attachment":[{"href":"https:\/\/www.fiberpasta.it\/fr\/wp-json\/wp\/v2\/media?parent=15319"}],"curies":[{"name":"wp","href":"https:\/\/api.w.org\/{rel}","templated":true}]}}