{"id":15521,"date":"2015-02-26T20:43:43","date_gmt":"2015-02-26T20:43:43","guid":{"rendered":"http:\/\/www.fiberpasta.it\/fr\/?page_id=15521"},"modified":"2021-12-07T15:51:22","modified_gmt":"2021-12-07T15:51:22","slug":"pates","status":"publish","type":"page","link":"https:\/\/www.fiberpasta.it\/fr\/pates\/","title":{"rendered":"P\u00e2TES"},"content":{"rendered":"<div class=\"wpb-content-wrapper\"><p>[vc_row css_animation=&#8221;&#8221; row_type=&#8221;row&#8221; use_row_as_full_screen_section=&#8221;no&#8221; type=&#8221;full_width&#8221; angled_section=&#8221;no&#8221; text_align=&#8221;left&#8221; background_image_as_pattern=&#8221;without_pattern&#8221;][vc_column][vc_column_text]<\/p>\n<h3>NOS P\u00e2TES A INDEX GLYCEMIQUE BAS<\/h3>\n<p>[\/vc_column_text][\/vc_column][\/vc_row][vc_row css_animation=&#8221;&#8221; row_type=&#8221;row&#8221; use_row_as_full_screen_section=&#8221;no&#8221; type=&#8221;full_width&#8221; angled_section=&#8221;no&#8221; text_align=&#8221;left&#8221; background_image_as_pattern=&#8221;without_pattern&#8221;][vc_column][vc_column_text]Les p\u00e2tes FiberPasta sont des p\u00e2tes italiennes qui ont la m\u00eame\u00a0 bonnes saveur que les p\u00e2tes traditionnelles de bl\u00e9 dur m\u00eame si elles contiennent le <strong>15%<\/strong> de fibres alimentaires, soit plus du double des fibres que celles int\u00e9grales.<br \/>\nLes p\u00e2tes FiberPasta\u00a0se composent de bl\u00e9 (98%) et inuline (2%). L\u2019inuline est une fibre v\u00e9g\u00e9tale soluble.[\/vc_column_text][\/vc_column][\/vc_row][vc_row css_animation=&#8221;&#8221; row_type=&#8221;row&#8221; use_row_as_full_screen_section=&#8221;no&#8221; type=&#8221;full_width&#8221; angled_section=&#8221;no&#8221; text_align=&#8221;left&#8221; background_image_as_pattern=&#8221;without_pattern&#8221;][vc_column][qode_elements_holder number_of_columns=&#8221;two_columns&#8221;][qode_elements_holder_item advanced_animations=&#8221;no&#8221; item_padding=&#8221;0px 10px 0px 10px&#8221;][vc_single_image image=&#8221;16625&#8243; img_size=&#8221;full&#8221; qode_css_animation=&#8221;&#8221;][\/qode_elements_holder_item][qode_elements_holder_item advanced_animations=&#8221;no&#8221; background_color=&#8221;#ffffff&#8221;][vc_column_text]Les formats disponibles sont: Penne, Fusilli, Sedani 250g et 500g, Spaghetti 500g., Gramigna 500g, Tagliatelle 250g<\/p>\n<p>Ingr\u00e9dients: semoule de bl\u00e9 dur, fibre de bl\u00e9 12%, inuline 2%.<\/p>\n<p>Valeurs nutritionnelles\u00a0x 100g:<br \/>\nValeur energ\u00e9tique\u00a0kJ\/kcal 1381\/330<br \/>\nMati\u00e8res grasses g 1<br \/>\ndont:<br \/>\n\u2014 satur\u00e9s g 0,4<br \/>\nHydrates de carbone\u00a0g 58<br \/>\ndont:<br \/>\n\u2014 sucres g 0,3<br \/>\nFibre g 15<br \/>\nProt\u00e9ines g 15<br \/>\nSel g 0[\/vc_column_text][\/qode_elements_holder_item][\/qode_elements_holder][\/vc_column][\/vc_row][vc_row css_animation=&#8221;&#8221; row_type=&#8221;row&#8221; use_row_as_full_screen_section=&#8221;no&#8221; type=&#8221;full_width&#8221; angled_section=&#8221;no&#8221; text_align=&#8221;left&#8221; background_image_as_pattern=&#8221;without_pattern&#8221;][vc_column][vc_column_text]<\/p>\n<h3>PROPRI\u00e9T\u00e9S FONCTIONNELLES<\/h3>\n<p>[\/vc_column_text][\/vc_column][\/vc_row][vc_row css_animation=&#8221;&#8221; row_type=&#8221;row&#8221; use_row_as_full_screen_section=&#8221;no&#8221; type=&#8221;full_width&#8221; angled_section=&#8221;no&#8221; text_align=&#8221;left&#8221; background_image_as_pattern=&#8221;without_pattern&#8221; z_index=&#8221;&#8221; padding_bottom=&#8221;30&#8243;][vc_column][vc_column_text]Les p\u00e2tes FiberPasta ont la particularit\u00e9 d\u2019avoir :<\/p>\n<ul>\n<li><strong>Un faible indice glyc\u00e9mique: ig 23<\/strong>.<\/li>\n<li><strong>Une haute teneur en fibres de 15%,<\/strong> soit plus du double de l\u2019int\u00e9grale et\u00a0 des p\u00e2tes aux grains entiers, offrant un sentiment de sati\u00e9t\u00e9 prolong\u00e9 gr\u00e2ce \u00e0 la lib\u00e9ration lente des glucides qui conserve l\u2019\u00e9nergie pendant une p\u00e9riode prolong\u00e9e.<\/li>\n<li>La m\u00eame couleur et le m\u00eame go\u00fbt que les p\u00e2tes de bl\u00e9 dur normales.<\/li>\n<li>Les p\u00e2tes FiberPasta sont recommand\u00e9es par les di\u00e9t\u00e9ticiens et nutritionnistes dans les r\u00e9gimes \u00e0\u00a0\u00a0faible indice glyc\u00e9mique.<\/li>\n<\/ul>\n<p><strong>La haute quantit\u00e9 de fibres soluble et insoluble contenue dans les p\u00e2tes FiberPasta est utile pour toutes les personnes qui ont des probl\u00e8mes de DIABETE, SURPOIDS, CHOLESTEROL et CONSTIPATION.<\/strong>[\/vc_column_text][\/vc_column][\/vc_row][vc_row css_animation=&#8221;&#8221; row_type=&#8221;row&#8221; use_row_as_full_screen_section=&#8221;no&#8221; type=&#8221;full_width&#8221; angled_section=&#8221;no&#8221; text_align=&#8221;left&#8221; background_image_as_pattern=&#8221;without_pattern&#8221;][vc_column][vc_column_text]<\/p>\n<h3>FAIBLE TENEUR EN NICKEL<\/h3>\n<p>[\/vc_column_text][\/vc_column][\/vc_row][vc_row css_animation=&#8221;&#8221; row_type=&#8221;row&#8221; use_row_as_full_screen_section=&#8221;no&#8221; type=&#8221;full_width&#8221; angled_section=&#8221;no&#8221; text_align=&#8221;left&#8221; background_image_as_pattern=&#8221;without_pattern&#8221; z_index=&#8221;&#8221; padding_bottom=&#8221;30&#8243;][vc_column][vc_column_text]Les p\u00e2tes FiberPasta ont une<strong> faible teneur en nickel<\/strong>: <strong>0.071mg\/Kg<\/strong> <strong>(71 microgrammes)<\/strong>. Cela permet de prendre des fibres mais avec une faible teneur en nickel, il diff\u00e8re des p\u00e2tes de bl\u00e9 entier o\u00f9 la teneur en nickel est plus \u00e9lev\u00e9e (car ce m\u00e9tal est concentr\u00e9 dans le son de bl\u00e9 entier).<\/p>\n<p><em><strong>Valeurs de r\u00e9f\u00e9rence de la teneur en nickel:<\/strong><br \/>\n<\/em><em>De 50 \u00e0 199 microgrammes \/ 1 Kg environ\u00a0 &#8212;&#8211; faible teneur en nickel<br \/>\n<\/em><em>De 200 \u00e0 1000 microgrammes\u00a0 \/ 1 Kg environ &#8212;- teneur moyenne en nickel<br \/>\n<\/em><em>Plus de 1000 microgrammes\u00a0 \/ 1 Kg environ &#8212;&#8211; teneur \u00e9lev\u00e9e en nickel<\/em>[\/vc_column_text][\/vc_column][\/vc_row][vc_row css_animation=&#8221;&#8221; row_type=&#8221;row&#8221; use_row_as_full_screen_section=&#8221;no&#8221; type=&#8221;full_width&#8221; angled_section=&#8221;no&#8221; text_align=&#8221;left&#8221; background_image_as_pattern=&#8221;without_pattern&#8221; z_index=&#8221;&#8221; padding_bottom=&#8221;30&#8243;][vc_column][vc_column_text]<\/p>\n<div class=\"vc_row wpb_row section vc_row-fluid\">\n<div class=\" full_section_inner clearfix\">\n<div class=\"vc_col-sm-12 wpb_column vc_column_container\">\n<div class=\"wpb_wrapper\">\n<div class=\"wpb_text_column wpb_content_element \">\n<div class=\"wpb_wrapper\">In Italy FiberPasta products are sold into <a title=\"Punti vendita FiberPasta\" href=\"http:\/\/www.fiberpasta.it\/fr\/directory\/\" target=\"_blank\" rel=\"noopener noreferrer\">supermarkets or specialty stores.<br \/>\n<\/a>European consumers can buy FiberPasta products online on our <a href=\"http:\/\/www.fiberpastashop.it\/\" target=\"_blank\" rel=\"noopener noreferrer\">e-commerce.<br \/>\n<\/a>For any further information or inquiries: <a title=\"Email FiberPasta\" href=\"info@fiberpasta.it\" target=\"_blank\" rel=\"noopener noreferrer\">info@fiberpasta.it <\/a><\/div>\n<\/div>\n<\/div>\n<\/div>\n<\/div>\n<\/div>\n<div class=\"vc_row wpb_row section vc_row-fluid\">\n<div class=\" full_section_inner clearfix\">\n<div class=\"vc_col-sm-12 wpb_column vc_column_container\">\n<div class=\"wpb_wrapper\">\n<div class=\"wpb_text_column wpb_content_element \">\n<div class=\"wpb_wrapper\">\n<p><em>It is recommend to use FiberPasta products in association with a healthy lifestyle<\/em><\/p>\n<\/div>\n<\/div>\n<\/div>\n<\/div>\n<\/div>\n<\/div>\n<p>[\/vc_column_text][\/vc_column][\/vc_row]<\/p>\n<\/div>","protected":false},"excerpt":{"rendered":"<p>[vc_row css_animation=&#8221;&#8221; row_type=&#8221;row&#8221; use_row_as_full_screen_section=&#8221;no&#8221; type=&#8221;full_width&#8221; angled_section=&#8221;no&#8221; text_align=&#8221;left&#8221; background_image_as_pattern=&#8221;without_pattern&#8221;][vc_column][vc_column_text] NOS P\u00e2TES A INDEX GLYCEMIQUE BAS [\/vc_column_text][\/vc_column][\/vc_row][vc_row css_animation=&#8221;&#8221; row_type=&#8221;row&#8221; use_row_as_full_screen_section=&#8221;no&#8221; type=&#8221;full_width&#8221; angled_section=&#8221;no&#8221; text_align=&#8221;left&#8221; background_image_as_pattern=&#8221;without_pattern&#8221;][vc_column][vc_column_text]Les p\u00e2tes FiberPasta sont des p\u00e2tes italiennes qui ont la m\u00eame\u00a0 bonnes saveur que les p\u00e2tes traditionnelles de bl\u00e9 dur m\u00eame si elles contiennent&#8230;<\/p>\n","protected":false},"author":1,"featured_media":0,"parent":0,"menu_order":0,"comment_status":"closed","ping_status":"closed","template":"","meta":{"_monsterinsights_skip_tracking":false,"_monsterinsights_sitenote_active":false,"_monsterinsights_sitenote_note":"","_monsterinsights_sitenote_category":0,"footnotes":""},"class_list":["post-15521","page","type-page","status-publish","hentry"],"_links":{"self":[{"href":"https:\/\/www.fiberpasta.it\/fr\/wp-json\/wp\/v2\/pages\/15521","targetHints":{"allow":["GET"]}}],"collection":[{"href":"https:\/\/www.fiberpasta.it\/fr\/wp-json\/wp\/v2\/pages"}],"about":[{"href":"https:\/\/www.fiberpasta.it\/fr\/wp-json\/wp\/v2\/types\/page"}],"author":[{"embeddable":true,"href":"https:\/\/www.fiberpasta.it\/fr\/wp-json\/wp\/v2\/users\/1"}],"replies":[{"embeddable":true,"href":"https:\/\/www.fiberpasta.it\/fr\/wp-json\/wp\/v2\/comments?post=15521"}],"version-history":[{"count":59,"href":"https:\/\/www.fiberpasta.it\/fr\/wp-json\/wp\/v2\/pages\/15521\/revisions"}],"predecessor-version":[{"id":16807,"href":"https:\/\/www.fiberpasta.it\/fr\/wp-json\/wp\/v2\/pages\/15521\/revisions\/16807"}],"wp:attachment":[{"href":"https:\/\/www.fiberpasta.it\/fr\/wp-json\/wp\/v2\/media?parent=15521"}],"curies":[{"name":"wp","href":"https:\/\/api.w.org\/{rel}","templated":true}]}}