{"id":16637,"date":"2021-04-06T09:49:03","date_gmt":"2021-04-06T09:49:03","guid":{"rendered":"https:\/\/www.fiberpasta.it\/fr\/?page_id=16637"},"modified":"2023-03-09T09:28:53","modified_gmt":"2023-03-09T09:28:53","slug":"biscuits-a-la-vanille","status":"publish","type":"page","link":"https:\/\/www.fiberpasta.it\/fr\/biscuits-a-la-vanille\/","title":{"rendered":"BISCUITS A LA VANILLE"},"content":{"rendered":"<div class=\"wpb-content-wrapper\"><p>[vc_row css_animation=&#8221;&#8221; row_type=&#8221;row&#8221; use_row_as_full_screen_section=&#8221;no&#8221; type=&#8221;full_width&#8221; angled_section=&#8221;no&#8221; text_align=&#8221;left&#8221; background_image_as_pattern=&#8221;without_pattern&#8221;][vc_column][vc_column_text]<\/p>\n<h3>BISCUITS AU LA VANILLE: BISCUITS ARTISANAUX, SAIN ET SAVOUREUX!<\/h3>\n<p>[\/vc_column_text][\/vc_column][\/vc_row][vc_row css_animation=&#8221;&#8221; row_type=&#8221;row&#8221; use_row_as_full_screen_section=&#8221;no&#8221; type=&#8221;full_width&#8221; angled_section=&#8221;no&#8221; text_align=&#8221;left&#8221; background_image_as_pattern=&#8221;without_pattern&#8221;][vc_column][vc_column_text]Les Biscuits \u00e0 la vanille de FiberPasta ont un \u00a0<strong>index glycemique bas (IG 48) <\/strong>et une\u00a0<strong>teneur \u00e9lev\u00e9e en fibres.<\/strong><\/p>\n<p>Ils sont\u00a0<strong>fabriqu\u00e9s \u00e0 la main<\/strong>\u00a0et ne sont faits qu\u2019avec des ingr\u00e9dients sains et de haute qualit\u00e9.<br \/>\nIls ne contiennent pas\u00a0: d\u2019huile de palme, de lait, d\u2019\u0153ufs, de sucre\u2026 sont ok pour l\u2019alimentation vegan.<\/p>\n<p><strong>\u00a0<\/strong>[\/vc_column_text][\/vc_column][\/vc_row][vc_row css_animation=&#8221;&#8221; row_type=&#8221;row&#8221; use_row_as_full_screen_section=&#8221;no&#8221; type=&#8221;full_width&#8221; angled_section=&#8221;no&#8221; text_align=&#8221;left&#8221; background_image_as_pattern=&#8221;without_pattern&#8221;][vc_column][qode_elements_holder number_of_columns=&#8221;two_columns&#8221;][qode_elements_holder_item advanced_animations=&#8221;no&#8221;][vc_single_image image=&#8221;16638&#8243; img_size=&#8221;large&#8221; qode_css_animation=&#8221;&#8221;][\/qode_elements_holder_item][qode_elements_holder_item advanced_animations=&#8221;no&#8221; background_color=&#8221;#ffffff&#8221;][vc_column_text]Ingredienti :<br \/>\nFarine FiberPasta: farine de <strong>bl\u00e9<\/strong> tendre 0, fibres alimentaires 14% (fibre de <strong>bl\u00e9<\/strong>, <strong>amidon resistant<\/strong>, inuline);\u00a0eau, maltitol, margarine v\u00e9g\u00e9tales (80% graisse de coco, 20% huile de tournesol, eau), bicarbonate d&#8217;ammonium, ar\u00f4me naturel de vanille. <em>Peut contenir des traces d&#8217;oeufs, lait, fruits \u00e0 coque, graines de sesame, moutarde.<\/em><\/p>\n<p>Valeurs nutritionnelles\u00a0 x 100g:<br \/>\nValeurs energetique kJ\/kcal 1529\/365<br \/>\nmati\u00e8res grasses 12 g<br \/>\ndont :<br \/>\n\u2013 satur\u00e9 : 8,4 g<br \/>\nhydrates de carbone 58 g<br \/>\ndont :<br \/>\n\u2013 sucres 1,3 g<br \/>\n\u2013 polyols 17,4 g<br \/>\nfibre 10 g<br \/>\nproteines 8,3 g<br \/>\nsel 0 g[\/vc_column_text][\/qode_elements_holder_item][\/qode_elements_holder][\/vc_column][\/vc_row]<\/p>\n<\/div>","protected":false},"excerpt":{"rendered":"<p>[vc_row css_animation=&#8221;&#8221; row_type=&#8221;row&#8221; use_row_as_full_screen_section=&#8221;no&#8221; type=&#8221;full_width&#8221; angled_section=&#8221;no&#8221; text_align=&#8221;left&#8221; background_image_as_pattern=&#8221;without_pattern&#8221;][vc_column][vc_column_text] BISCUITS AU LA VANILLE: BISCUITS ARTISANAUX, SAIN ET SAVOUREUX! [\/vc_column_text][\/vc_column][\/vc_row][vc_row css_animation=&#8221;&#8221; row_type=&#8221;row&#8221; use_row_as_full_screen_section=&#8221;no&#8221; type=&#8221;full_width&#8221; angled_section=&#8221;no&#8221; text_align=&#8221;left&#8221; background_image_as_pattern=&#8221;without_pattern&#8221;][vc_column][vc_column_text]Les Biscuits \u00e0 la vanille de FiberPasta ont un \u00a0index glycemique bas (IG 48) et une\u00a0teneur \u00e9lev\u00e9e en fibres. Ils sont\u00a0fabriqu\u00e9s&#8230;<\/p>\n","protected":false},"author":1,"featured_media":0,"parent":0,"menu_order":0,"comment_status":"closed","ping_status":"closed","template":"","meta":{"_monsterinsights_skip_tracking":false,"_monsterinsights_sitenote_active":false,"_monsterinsights_sitenote_note":"","_monsterinsights_sitenote_category":0,"footnotes":""},"class_list":["post-16637","page","type-page","status-publish","hentry"],"_links":{"self":[{"href":"https:\/\/www.fiberpasta.it\/fr\/wp-json\/wp\/v2\/pages\/16637","targetHints":{"allow":["GET"]}}],"collection":[{"href":"https:\/\/www.fiberpasta.it\/fr\/wp-json\/wp\/v2\/pages"}],"about":[{"href":"https:\/\/www.fiberpasta.it\/fr\/wp-json\/wp\/v2\/types\/page"}],"author":[{"embeddable":true,"href":"https:\/\/www.fiberpasta.it\/fr\/wp-json\/wp\/v2\/users\/1"}],"replies":[{"embeddable":true,"href":"https:\/\/www.fiberpasta.it\/fr\/wp-json\/wp\/v2\/comments?post=16637"}],"version-history":[{"count":8,"href":"https:\/\/www.fiberpasta.it\/fr\/wp-json\/wp\/v2\/pages\/16637\/revisions"}],"predecessor-version":[{"id":16838,"href":"https:\/\/www.fiberpasta.it\/fr\/wp-json\/wp\/v2\/pages\/16637\/revisions\/16838"}],"wp:attachment":[{"href":"https:\/\/www.fiberpasta.it\/fr\/wp-json\/wp\/v2\/media?parent=16637"}],"curies":[{"name":"wp","href":"https:\/\/api.w.org\/{rel}","templated":true}]}}