{"id":16683,"date":"2021-04-06T15:51:18","date_gmt":"2021-04-06T15:51:18","guid":{"rendered":"https:\/\/www.fiberpasta.it\/fr\/?page_id=16683"},"modified":"2021-04-06T15:54:42","modified_gmt":"2021-04-06T15:54:42","slug":"taralli","status":"publish","type":"page","link":"https:\/\/www.fiberpasta.it\/fr\/taralli\/","title":{"rendered":"TARALLI"},"content":{"rendered":"<div class=\"wpb-content-wrapper\"><p>[vc_row css_animation=&#8221;&#8221; row_type=&#8221;row&#8221; use_row_as_full_screen_section=&#8221;no&#8221; type=&#8221;full_width&#8221; angled_section=&#8221;no&#8221; text_align=&#8221;left&#8221; background_image_as_pattern=&#8221;without_pattern&#8221; z_index=&#8221;&#8221;][vc_column][vc_column_text]<\/p>\n<h3>LES TARALLI &#8211; UN SNACK GOUTEAUX ET SAIN !<br \/>\n<em><strong>UNE SPECIALITE&#8217; DE LA REGION ITALIENNE PUGLIA<\/strong><\/em><\/h3>\n<p>[\/vc_column_text][\/vc_column][\/vc_row][vc_row css_animation=&#8221;&#8221; row_type=&#8221;row&#8221; use_row_as_full_screen_section=&#8221;no&#8221; type=&#8221;full_width&#8221; angled_section=&#8221;no&#8221; text_align=&#8221;left&#8221; background_image_as_pattern=&#8221;without_pattern&#8221;][vc_column][vc_column_text]Les savoureux <strong>Taralli FiberPasta<\/strong> ont un faible indice glyc\u00e9mique IG 49, une teneur \u00e9lev\u00e9e en fibres (10%) et ne contiennent pas de sel ajout\u00e9.<br \/>\nIls sont parfum\u00e9s aux graines de fenouil.<\/p>\n<p><strong>\u00a0<\/strong>[\/vc_column_text][\/vc_column][\/vc_row][vc_row css_animation=&#8221;&#8221; row_type=&#8221;row&#8221; use_row_as_full_screen_section=&#8221;no&#8221; type=&#8221;full_width&#8221; angled_section=&#8221;no&#8221; text_align=&#8221;left&#8221; background_image_as_pattern=&#8221;without_pattern&#8221;][vc_column][qode_elements_holder number_of_columns=&#8221;two_columns&#8221;][qode_elements_holder_item advanced_animations=&#8221;no&#8221;][vc_single_image image=&#8221;16684&#8243; img_size=&#8221;large&#8221; qode_css_animation=&#8221;&#8221;][\/qode_elements_holder_item][qode_elements_holder_item advanced_animations=&#8221;no&#8221; background_color=&#8221;#ffffff&#8221;][vc_column_text]Ingredienti :<br \/>\nMix FiberPasta (farine de bl\u00e9 tendre, fibre de bl\u00e9 12%, inuline 2%), vin blanc, huile de tournesol \u00e0 haute teneur ol\u00e9ique, huile d&#8217;olive extra vierge, graines de fenouil (0,85%), ar\u00f4me naturel<\/p>\n<p>Valeurs nutritionnelles\u00a0 x 100g:<br \/>\nValeurs energetique 429\/ kj 1802<br \/>\nmati\u00e8res grasses 14 g<br \/>\ndont:<br \/>\n\u2013 satur\u00e9: 1,4 g<br \/>\nhydrates de carbone 60 g<br \/>\ndont:<br \/>\n\u2013 sucres 0,8 g<br \/>\nfibre 10,2 g<br \/>\nprot\u00e9ines 13 g<br \/>\nsel 0,1 g[\/vc_column_text][\/qode_elements_holder_item][\/qode_elements_holder][\/vc_column][\/vc_row]<\/p>\n<\/div>","protected":false},"excerpt":{"rendered":"<p>[vc_row css_animation=&#8221;&#8221; row_type=&#8221;row&#8221; use_row_as_full_screen_section=&#8221;no&#8221; type=&#8221;full_width&#8221; angled_section=&#8221;no&#8221; text_align=&#8221;left&#8221; background_image_as_pattern=&#8221;without_pattern&#8221; z_index=&#8221;&#8221;][vc_column][vc_column_text] LES TARALLI &#8211; UN SNACK GOUTEAUX ET SAIN ! UNE SPECIALITE&#8217; DE LA REGION ITALIENNE PUGLIA [\/vc_column_text][\/vc_column][\/vc_row][vc_row css_animation=&#8221;&#8221; row_type=&#8221;row&#8221; use_row_as_full_screen_section=&#8221;no&#8221; type=&#8221;full_width&#8221; angled_section=&#8221;no&#8221; text_align=&#8221;left&#8221; background_image_as_pattern=&#8221;without_pattern&#8221;][vc_column][vc_column_text]Les savoureux Taralli FiberPasta ont un faible indice glyc\u00e9mique IG 49, une teneur&#8230;<\/p>\n","protected":false},"author":1,"featured_media":0,"parent":0,"menu_order":0,"comment_status":"closed","ping_status":"closed","template":"","meta":{"_monsterinsights_skip_tracking":false,"_monsterinsights_sitenote_active":false,"_monsterinsights_sitenote_note":"","_monsterinsights_sitenote_category":0,"footnotes":""},"class_list":["post-16683","page","type-page","status-publish","hentry"],"_links":{"self":[{"href":"https:\/\/www.fiberpasta.it\/fr\/wp-json\/wp\/v2\/pages\/16683","targetHints":{"allow":["GET"]}}],"collection":[{"href":"https:\/\/www.fiberpasta.it\/fr\/wp-json\/wp\/v2\/pages"}],"about":[{"href":"https:\/\/www.fiberpasta.it\/fr\/wp-json\/wp\/v2\/types\/page"}],"author":[{"embeddable":true,"href":"https:\/\/www.fiberpasta.it\/fr\/wp-json\/wp\/v2\/users\/1"}],"replies":[{"embeddable":true,"href":"https:\/\/www.fiberpasta.it\/fr\/wp-json\/wp\/v2\/comments?post=16683"}],"version-history":[{"count":4,"href":"https:\/\/www.fiberpasta.it\/fr\/wp-json\/wp\/v2\/pages\/16683\/revisions"}],"predecessor-version":[{"id":16689,"href":"https:\/\/www.fiberpasta.it\/fr\/wp-json\/wp\/v2\/pages\/16683\/revisions\/16689"}],"wp:attachment":[{"href":"https:\/\/www.fiberpasta.it\/fr\/wp-json\/wp\/v2\/media?parent=16683"}],"curies":[{"name":"wp","href":"https:\/\/api.w.org\/{rel}","templated":true}]}}