{"id":16690,"date":"2021-04-06T16:07:29","date_gmt":"2021-04-06T16:07:29","guid":{"rendered":"https:\/\/www.fiberpasta.it\/fr\/?page_id=16690"},"modified":"2021-04-06T16:41:42","modified_gmt":"2021-04-06T16:41:42","slug":"pates-proteinee","status":"publish","type":"page","link":"https:\/\/www.fiberpasta.it\/fr\/pates-proteinee\/","title":{"rendered":"PASTAPRO &#8211; NOS P\u00e2TES PROT\u00e9INE\u00e9E"},"content":{"rendered":"<div class=\"wpb-content-wrapper\"><p>[vc_row css_animation=&#8221;&#8221; row_type=&#8221;row&#8221; use_row_as_full_screen_section=&#8221;no&#8221; type=&#8221;full_width&#8221; angled_section=&#8221;no&#8221; text_align=&#8221;left&#8221; background_image_as_pattern=&#8221;without_pattern&#8221;][vc_column][vc_column_text]<\/p>\n<h3>NOS P\u00e2TES PROT\u00e9IN\u00e9E<\/h3>\n<p>[\/vc_column_text][\/vc_column][\/vc_row][vc_row css_animation=&#8221;&#8221; row_type=&#8221;row&#8221; use_row_as_full_screen_section=&#8221;no&#8221; type=&#8221;full_width&#8221; angled_section=&#8221;no&#8221; text_align=&#8221;left&#8221; background_image_as_pattern=&#8221;without_pattern&#8221;][vc_column][vc_column_text]<strong>PastaPro <\/strong>est les p\u00e2tes prot\u00e9in\u00e9es compl\u00e8tes con\u00e7ues principalement pour la nutrition des athl\u00e8tes et des sportifs. La <strong>teneur \u00e9lev\u00e9e en prot\u00e9ines de 30%<\/strong> avec la combinaison de <strong>prot\u00e9ines de bl\u00e9 et de prot\u00e9ines de pois isol\u00e9es<\/strong>, permet un produit \u00e0 haute valeur biologique avec un excellent profil d&#8217;acides amin\u00e9s et le bon go\u00fbt de la tradition italienne.<\/p>\n<p>PastaPro utilise du bl\u00e9 entier 100% italien, s\u00e9lectionn\u00e9 \u00e0 partir de la meilleure semoule de bl\u00e9 entier locale.<\/p>\n<p><strong>PROPRI\u00c9T\u00c9S FONCTIONNELLES<\/strong>:<\/p>\n<ul>\n<li>TENEUR EN PROT\u00c9INES \u00c9LEV\u00c9ES: 30% entre les prot\u00e9ines de bl\u00e9 et de pois, nous avons choisi l&#8217;association c\u00e9r\u00e9ales + l\u00e9gumineuses pour offrir un produit \u00e0 haute valeur biologique qui contient tous les principaux acides amin\u00e9s. L&#8217;apport \u00e9lev\u00e9 en prot\u00e9ines le rend \u00e9galement utile pour contrer le probl\u00e8me de la perte de masse musculaire (sarcop\u00e9nie), particuli\u00e8rement accentu\u00e9e chez les personnes \u00e2g\u00e9es.<\/li>\n<li>SEMOULE DE BLE ENTIER: nous utilisons de la semoule compl\u00e8te de bl\u00e9 dur fabriqu\u00e9e en Italie (de notre r\u00e9gion des Marches)<\/li>\n<li>TENEUR EN FIBRES \u00c9LEV\u00c9: 9,3% de fibres dont la pr\u00e9cieuse inuline (fibre soluble b\u00e9n\u00e9fique pour le bien-\u00eatre intestinal) pour aider \u00e0 la r\u00e9gularit\u00e9 intestinale<\/li>\n<li>VEGAN OK: c&#8217;est une excellente source de prot\u00e9ines v\u00e9g\u00e9tales<\/li>\n<li>INDICE GLYC\u00c9MIQUE CERTIFI\u00c9: 48<\/li>\n<\/ul>\n<p>[\/vc_column_text][\/vc_column][\/vc_row][vc_row css_animation=&#8221;&#8221; row_type=&#8221;row&#8221; use_row_as_full_screen_section=&#8221;no&#8221; type=&#8221;full_width&#8221; angled_section=&#8221;no&#8221; text_align=&#8221;left&#8221; background_image_as_pattern=&#8221;without_pattern&#8221;][vc_column][qode_elements_holder number_of_columns=&#8221;two_columns&#8221;][qode_elements_holder_item advanced_animations=&#8221;no&#8221; item_padding=&#8221;0px 10px 0px 10px&#8221;][vc_single_image image=&#8221;16692&#8243; img_size=&#8221;large&#8221; qode_css_animation=&#8221;&#8221;][\/qode_elements_holder_item][qode_elements_holder_item advanced_animations=&#8221;no&#8221; background_color=&#8221;#ffffff&#8221;][vc_column_text]Les formats disponibles sont: Penne, Fusilli 250g<\/p>\n<p>Ingr\u00e9dients: semoule de bl\u00e9 dur enti\u00e8re, isolat de prot\u00e9ines de pois, gluten de bl\u00e9, inuline.<\/p>\n<p>Valeurs nutritionnelles\u00a0x 100g:<br \/>\nValeur energ\u00e9tique kJ\/kcal 1485\/351<br \/>\nMati\u00e8res grasses g 3,8<br \/>\ndont:<br \/>\n\u2014 satur\u00e9s g 0,9<br \/>\nHydrates de carbone g 46<br \/>\ndont:<br \/>\n\u2014 sucres g 2,8<br \/>\nFibre g 9<br \/>\nProt\u00e9ines g 30<br \/>\nSel g 0,4[\/vc_column_text][\/qode_elements_holder_item][\/qode_elements_holder][\/vc_column][\/vc_row]<\/p>\n<\/div>","protected":false},"excerpt":{"rendered":"<p>[vc_row css_animation=&#8221;&#8221; row_type=&#8221;row&#8221; use_row_as_full_screen_section=&#8221;no&#8221; type=&#8221;full_width&#8221; angled_section=&#8221;no&#8221; text_align=&#8221;left&#8221; background_image_as_pattern=&#8221;without_pattern&#8221;][vc_column][vc_column_text] NOS P\u00e2TES PROT\u00e9IN\u00e9E [\/vc_column_text][\/vc_column][\/vc_row][vc_row css_animation=&#8221;&#8221; row_type=&#8221;row&#8221; use_row_as_full_screen_section=&#8221;no&#8221; type=&#8221;full_width&#8221; angled_section=&#8221;no&#8221; text_align=&#8221;left&#8221; background_image_as_pattern=&#8221;without_pattern&#8221;][vc_column][vc_column_text]PastaPro est les p\u00e2tes prot\u00e9in\u00e9es compl\u00e8tes con\u00e7ues principalement pour la nutrition des athl\u00e8tes et des sportifs. La teneur \u00e9lev\u00e9e en prot\u00e9ines de 30% avec la combinaison de&#8230;<\/p>\n","protected":false},"author":1,"featured_media":0,"parent":0,"menu_order":0,"comment_status":"closed","ping_status":"closed","template":"","meta":{"_monsterinsights_skip_tracking":false,"_monsterinsights_sitenote_active":false,"_monsterinsights_sitenote_note":"","_monsterinsights_sitenote_category":0,"footnotes":""},"class_list":["post-16690","page","type-page","status-publish","hentry"],"_links":{"self":[{"href":"https:\/\/www.fiberpasta.it\/fr\/wp-json\/wp\/v2\/pages\/16690","targetHints":{"allow":["GET"]}}],"collection":[{"href":"https:\/\/www.fiberpasta.it\/fr\/wp-json\/wp\/v2\/pages"}],"about":[{"href":"https:\/\/www.fiberpasta.it\/fr\/wp-json\/wp\/v2\/types\/page"}],"author":[{"embeddable":true,"href":"https:\/\/www.fiberpasta.it\/fr\/wp-json\/wp\/v2\/users\/1"}],"replies":[{"embeddable":true,"href":"https:\/\/www.fiberpasta.it\/fr\/wp-json\/wp\/v2\/comments?post=16690"}],"version-history":[{"count":4,"href":"https:\/\/www.fiberpasta.it\/fr\/wp-json\/wp\/v2\/pages\/16690\/revisions"}],"predecessor-version":[{"id":16713,"href":"https:\/\/www.fiberpasta.it\/fr\/wp-json\/wp\/v2\/pages\/16690\/revisions\/16713"}],"wp:attachment":[{"href":"https:\/\/www.fiberpasta.it\/fr\/wp-json\/wp\/v2\/media?parent=16690"}],"curies":[{"name":"wp","href":"https:\/\/api.w.org\/{rel}","templated":true}]}}