{"id":16696,"date":"2021-04-06T16:16:45","date_gmt":"2021-04-06T16:16:45","guid":{"rendered":"https:\/\/www.fiberpasta.it\/fr\/?page_id=16696"},"modified":"2021-12-13T10:58:34","modified_gmt":"2021-12-13T10:58:34","slug":"farine-proteinee","status":"publish","type":"page","link":"https:\/\/www.fiberpasta.it\/fr\/farine-proteinee\/","title":{"rendered":"FARINAPRO &#8211; NOTRE FARINE PROT\u00e9IN\u00e9E"},"content":{"rendered":"<div class=\"wpb-content-wrapper\"><p>[vc_row css_animation=&#8221;&#8221; row_type=&#8221;row&#8221; use_row_as_full_screen_section=&#8221;no&#8221; type=&#8221;full_width&#8221; angled_section=&#8221;no&#8221; text_align=&#8221;left&#8221; background_image_as_pattern=&#8221;without_pattern&#8221;][vc_column][vc_column_text]<\/p>\n<h3>NOTRE FARINE PROT\u00e9IN\u00e9E<\/h3>\n<p>[\/vc_column_text][\/vc_column][\/vc_row][vc_row css_animation=&#8221;&#8221; row_type=&#8221;row&#8221; use_row_as_full_screen_section=&#8221;no&#8221; type=&#8221;full_width&#8221; angled_section=&#8221;no&#8221; text_align=&#8221;left&#8221; background_image_as_pattern=&#8221;without_pattern&#8221;][vc_column][vc_column_text]La farine prot\u00e9in\u00e9e <strong>FarinaPro<\/strong> se compose de farine de bl\u00e9 et prot\u00e9ines de pois, <strong>poss\u00e8de 30% de prot\u00e9ines<\/strong> \u00e0 haute valeur biologique et un profil d&#8217;acides amin\u00e9s complet gr\u00e2ce \u00e0 la combinaison l\u00e9gumineuse-c\u00e9r\u00e9ale. Il a \u00e9galement une <strong>teneur importante en fibres (9%)<\/strong> dont la pr\u00e9cieuse inuline, une fibre b\u00e9n\u00e9fique pour l&#8217;intestin. <strong>Elle a un faible indice glyc\u00e9mique (IG certifi\u00e9 37)<\/strong>. Elle est excellent pour la suppl\u00e9mentation en prot\u00e9ines des athl\u00e8tes et des sportifs et aussi pour contrer la perte de masse musculaire chez les personnes \u00e2g\u00e9es.<\/p>\n<p>Elle est id\u00e9al pour faire des cr\u00eapes, pancakes, pizza, pain, et des p\u00e2tisseries \u00e0 haute teneur en prot\u00e9ines.<\/p>\n<p><strong>PROPRI\u00c9T\u00c9S FONCTIONNELLES<\/strong>:<\/p>\n<ul>\n<li>TENEUR EN PROT\u00c9INES \u00c9LEV\u00c9ES: 30% entre les prot\u00e9ines de bl\u00e9 et de pois, nous avons choisi l&#8217;association c\u00e9r\u00e9ales + l\u00e9gumineuses pour offrir un produit \u00e0 haute valeur biologique qui contient tous les principaux acides amin\u00e9s. L&#8217;apport \u00e9lev\u00e9 en prot\u00e9ines le rend \u00e9galement utile pour contrer le probl\u00e8me de la perte de masse musculaire (sarcop\u00e9nie), particuli\u00e8rement accentu\u00e9e chez les personnes \u00e2g\u00e9es.<\/li>\n<li>BLE ITALIEN: le bl\u00e9 utilis\u00e9 est fabriqu\u00e9 en Italie (de notre r\u00e9gion des Marches)<\/li>\n<li>TENEUR EN FIBRES \u00c9LEV\u00c9: 9% de fibres dont la pr\u00e9cieuse inuline (fibre soluble b\u00e9n\u00e9fique pour le bien-\u00eatre intestinal) pour aider \u00e0 la r\u00e9gularit\u00e9 intestinale<\/li>\n<li>VEGAN OK: c&#8217;est une excellente source de prot\u00e9ines v\u00e9g\u00e9tales<\/li>\n<li>INDICE GLYC\u00c9MIQUE CERTIFI\u00c9: 37<\/li>\n<\/ul>\n<p>[\/vc_column_text][\/vc_column][\/vc_row][vc_row css_animation=&#8221;&#8221; row_type=&#8221;row&#8221; use_row_as_full_screen_section=&#8221;no&#8221; type=&#8221;full_width&#8221; angled_section=&#8221;no&#8221; text_align=&#8221;left&#8221; background_image_as_pattern=&#8221;without_pattern&#8221;][vc_column][qode_elements_holder number_of_columns=&#8221;two_columns&#8221;][qode_elements_holder_item advanced_animations=&#8221;no&#8221; item_padding=&#8221;0px 10px 0px 10px&#8221;][vc_single_image image=&#8221;16697&#8243; img_size=&#8221;large&#8221; qode_css_animation=&#8221;&#8221;][\/qode_elements_holder_item][qode_elements_holder_item advanced_animations=&#8221;no&#8221; background_color=&#8221;#ffffff&#8221;][vc_column_text]Ingr\u00e9dients: farine de bl\u00e9 tendre, isolat de prot\u00e9ines de pois, gluten de bl\u00e9, fibre de bl\u00e9, inuline.<\/p>\n<p>Valeurs nutritionnelles\u00a0x 100g:<br \/>\nValeur energ\u00e9tique kJ\/kcal 1485\/351<br \/>\nMati\u00e8res grasses g 3,8<br \/>\ndont:<br \/>\n\u2014 satur\u00e9s g 0,9<br \/>\nHydrates de carbone g 46<br \/>\ndont:<br \/>\n\u2014 sucres g 2,8<br \/>\nFibre g 9<br \/>\nProt\u00e9ines g 30<br \/>\nSel g 0,4[\/vc_column_text][\/qode_elements_holder_item][\/qode_elements_holder][\/vc_column][\/vc_row]<\/p>\n<\/div>","protected":false},"excerpt":{"rendered":"<p>[vc_row css_animation=&#8221;&#8221; row_type=&#8221;row&#8221; use_row_as_full_screen_section=&#8221;no&#8221; type=&#8221;full_width&#8221; angled_section=&#8221;no&#8221; text_align=&#8221;left&#8221; background_image_as_pattern=&#8221;without_pattern&#8221;][vc_column][vc_column_text] NOTRE FARINE PROT\u00e9IN\u00e9E [\/vc_column_text][\/vc_column][\/vc_row][vc_row css_animation=&#8221;&#8221; row_type=&#8221;row&#8221; use_row_as_full_screen_section=&#8221;no&#8221; type=&#8221;full_width&#8221; angled_section=&#8221;no&#8221; text_align=&#8221;left&#8221; background_image_as_pattern=&#8221;without_pattern&#8221;][vc_column][vc_column_text]La farine prot\u00e9in\u00e9e FarinaPro se compose de farine de bl\u00e9 et prot\u00e9ines de pois, poss\u00e8de 30% de prot\u00e9ines \u00e0 haute valeur biologique et un profil d&#8217;acides amin\u00e9s&#8230;<\/p>\n","protected":false},"author":1,"featured_media":0,"parent":0,"menu_order":0,"comment_status":"closed","ping_status":"closed","template":"","meta":{"_monsterinsights_skip_tracking":false,"_monsterinsights_sitenote_active":false,"_monsterinsights_sitenote_note":"","_monsterinsights_sitenote_category":0,"footnotes":""},"class_list":["post-16696","page","type-page","status-publish","hentry"],"_links":{"self":[{"href":"https:\/\/www.fiberpasta.it\/fr\/wp-json\/wp\/v2\/pages\/16696","targetHints":{"allow":["GET"]}}],"collection":[{"href":"https:\/\/www.fiberpasta.it\/fr\/wp-json\/wp\/v2\/pages"}],"about":[{"href":"https:\/\/www.fiberpasta.it\/fr\/wp-json\/wp\/v2\/types\/page"}],"author":[{"embeddable":true,"href":"https:\/\/www.fiberpasta.it\/fr\/wp-json\/wp\/v2\/users\/1"}],"replies":[{"embeddable":true,"href":"https:\/\/www.fiberpasta.it\/fr\/wp-json\/wp\/v2\/comments?post=16696"}],"version-history":[{"count":5,"href":"https:\/\/www.fiberpasta.it\/fr\/wp-json\/wp\/v2\/pages\/16696\/revisions"}],"predecessor-version":[{"id":16813,"href":"https:\/\/www.fiberpasta.it\/fr\/wp-json\/wp\/v2\/pages\/16696\/revisions\/16813"}],"wp:attachment":[{"href":"https:\/\/www.fiberpasta.it\/fr\/wp-json\/wp\/v2\/media?parent=16696"}],"curies":[{"name":"wp","href":"https:\/\/api.w.org\/{rel}","templated":true}]}}