{"id":16699,"date":"2021-04-06T16:31:09","date_gmt":"2021-04-06T16:31:09","guid":{"rendered":"https:\/\/www.fiberpasta.it\/fr\/?page_id=16699"},"modified":"2023-03-09T09:33:37","modified_gmt":"2023-03-09T09:33:37","slug":"barre-proteinee-2","status":"publish","type":"page","link":"https:\/\/www.fiberpasta.it\/fr\/barre-proteinee-2\/","title":{"rendered":"BARRETTAPRO &#8211; NOTRE Barre prot\u00e9in\u00e9e"},"content":{"rendered":"<div class=\"wpb-content-wrapper\"><p>[vc_row css_animation=&#8221;&#8221; row_type=&#8221;row&#8221; use_row_as_full_screen_section=&#8221;no&#8221; type=&#8221;full_width&#8221; angled_section=&#8221;no&#8221; text_align=&#8221;left&#8221; background_image_as_pattern=&#8221;without_pattern&#8221;][vc_column][vc_column_text]<\/p>\n<h3>NOTRE BARRE PROT\u00e9INE\u00e9E<\/h3>\n<p>[\/vc_column_text][\/vc_column][\/vc_row][vc_row css_animation=&#8221;&#8221; row_type=&#8221;row&#8221; use_row_as_full_screen_section=&#8221;no&#8221; type=&#8221;full_width&#8221; angled_section=&#8221;no&#8221; text_align=&#8221;left&#8221; background_image_as_pattern=&#8221;without_pattern&#8221;][vc_column][vc_column_text]<strong>BarrettaPro<\/strong> est une <strong>barre prot\u00e9in\u00e9e enrob\u00e9e de chocolat noir<\/strong> \u00e0 base de c\u00e9r\u00e9ales<strong> sans gluten<\/strong> et de fruits secs (amandes et noisettes), croquante et savoureuse, \u00e9labor\u00e9e avec des mati\u00e8res premi\u00e8res s\u00e9lectionn\u00e9es de haute qualit\u00e9.<\/p>\n<p>&#x2714; <strong>Teneur \u00e9lev\u00e9e en prot\u00e9ines 30%<\/strong> (m\u00e9lange de prot\u00e9ines v\u00e9g\u00e9tales avec un excellent profil d&#8217;acides amin\u00e9s, sans soja)<br \/>\n&#x2714; Teneur \u00e9lev\u00e9e en fibres 21%<br \/>\n&#x2714; Faible charge glyc\u00e9mique par bar (3,6)<br \/>\n&#x2714; Sans gluten<br \/>\n&#x2714;Vegan, certifi\u00e9 Vegan Ok<br \/>\n&#x2714; Sans huile de palme<br \/>\n&#x2714; Sans conservateurs \/ \u00e9dulcorants \/ \u00e9paississants artificiels<\/p>\n<p>Elle convient aux r\u00e9gimes \u00e0 faible charge glyc\u00e9mique, excellent pour les sportifs avant et apr\u00e8s l&#8217;entra\u00eenement, les coeliaques, les v\u00e9g\u00e9taliens.[\/vc_column_text][\/vc_column][\/vc_row][vc_row css_animation=&#8221;&#8221; row_type=&#8221;row&#8221; use_row_as_full_screen_section=&#8221;no&#8221; type=&#8221;full_width&#8221; angled_section=&#8221;no&#8221; text_align=&#8221;left&#8221; background_image_as_pattern=&#8221;without_pattern&#8221;][vc_column][qode_elements_holder number_of_columns=&#8221;two_columns&#8221;][qode_elements_holder_item advanced_animations=&#8221;no&#8221; item_padding=&#8221;0px 10px 0px 10px&#8221;][vc_single_image image=&#8221;16841&#8243; img_size=&#8221;large&#8221; qode_css_animation=&#8221;&#8221;][\/qode_elements_holder_item][qode_elements_holder_item advanced_animations=&#8221;no&#8221; background_color=&#8221;#ffffff&#8221;][vc_column_text]Ingr\u00e9dients:<br \/>\nChocolat noir aux prot\u00e9ines de pois et oligofructose (29%) [(p\u00e2te de cacao, prot\u00e9ines de pois (17,5%), sucre de canne, beurre de cacao, oligo-fructose, \u00e9mulsifiant: l\u00e9cithine de tournesol)], c\u00e9r\u00e9ales croquantes (isolat de prot\u00e9ines de pois, isolat de prot\u00e9ines de riz , farine de riz, curcuma), oligo-fructose, prot\u00e9ines de pois textur\u00e9es, graines de chanvre d\u00e9cortiqu\u00e9es (4%), quinoa souffl\u00e9 (2,5%), amandes hach\u00e9es (1, 5%), noisettes hach\u00e9es (1%), flocons de teff (1%) ), huile de noix de coco.<\/p>\n<p>Valeurs nutritionnelles x 100g\u00a0 \u00a0\/\u00a0 \u00a0x barre (35g):<br \/>\nValeur energ\u00e9tique kJ\/kcal 1695\/406 \u00a0 \/\u00a0 593\/142<br \/>\nMati\u00e8res grasses g 16\u00a0 \u00a0\/\u00a0 \u00a05,6<br \/>\ndont:<br \/>\n\u2014 satur\u00e9s g 7,7\u00a0 \u00a0\/\u00a0 \u00a02,7<br \/>\nHydrates de carbone g 25\u00a0 \u00a0\/\u00a0 \u00a08,8<br \/>\ndont:<br \/>\n\u2014 sucres g 7,1\u00a0 \u00a0\/\u00a0 \u00a02,5<br \/>\nFibre g 21\u00a0 \u00a0\/\u00a0 \u00a07,4<br \/>\nProt\u00e9ines g 30\u00a0 \u00a0\/\u00a0 \u00a011<br \/>\nSel g 0,5\u00a0 \u00a0\/\u00a0 \u00a00,02[\/vc_column_text][\/qode_elements_holder_item][\/qode_elements_holder][\/vc_column][\/vc_row]<\/p>\n<\/div>","protected":false},"excerpt":{"rendered":"<p>[vc_row css_animation=&#8221;&#8221; row_type=&#8221;row&#8221; use_row_as_full_screen_section=&#8221;no&#8221; type=&#8221;full_width&#8221; angled_section=&#8221;no&#8221; text_align=&#8221;left&#8221; background_image_as_pattern=&#8221;without_pattern&#8221;][vc_column][vc_column_text] NOTRE BARRE PROT\u00e9INE\u00e9E [\/vc_column_text][\/vc_column][\/vc_row][vc_row css_animation=&#8221;&#8221; row_type=&#8221;row&#8221; use_row_as_full_screen_section=&#8221;no&#8221; type=&#8221;full_width&#8221; angled_section=&#8221;no&#8221; text_align=&#8221;left&#8221; background_image_as_pattern=&#8221;without_pattern&#8221;][vc_column][vc_column_text]BarrettaPro est une barre prot\u00e9in\u00e9e enrob\u00e9e de chocolat noir \u00e0 base de c\u00e9r\u00e9ales sans gluten et de fruits secs (amandes et noisettes), croquante et savoureuse, \u00e9labor\u00e9e avec&#8230;<\/p>\n","protected":false},"author":1,"featured_media":0,"parent":0,"menu_order":0,"comment_status":"closed","ping_status":"closed","template":"","meta":{"_monsterinsights_skip_tracking":false,"_monsterinsights_sitenote_active":false,"_monsterinsights_sitenote_note":"","_monsterinsights_sitenote_category":0,"footnotes":""},"class_list":["post-16699","page","type-page","status-publish","hentry"],"_links":{"self":[{"href":"https:\/\/www.fiberpasta.it\/fr\/wp-json\/wp\/v2\/pages\/16699","targetHints":{"allow":["GET"]}}],"collection":[{"href":"https:\/\/www.fiberpasta.it\/fr\/wp-json\/wp\/v2\/pages"}],"about":[{"href":"https:\/\/www.fiberpasta.it\/fr\/wp-json\/wp\/v2\/types\/page"}],"author":[{"embeddable":true,"href":"https:\/\/www.fiberpasta.it\/fr\/wp-json\/wp\/v2\/users\/1"}],"replies":[{"embeddable":true,"href":"https:\/\/www.fiberpasta.it\/fr\/wp-json\/wp\/v2\/comments?post=16699"}],"version-history":[{"count":8,"href":"https:\/\/www.fiberpasta.it\/fr\/wp-json\/wp\/v2\/pages\/16699\/revisions"}],"predecessor-version":[{"id":16842,"href":"https:\/\/www.fiberpasta.it\/fr\/wp-json\/wp\/v2\/pages\/16699\/revisions\/16842"}],"wp:attachment":[{"href":"https:\/\/www.fiberpasta.it\/fr\/wp-json\/wp\/v2\/media?parent=16699"}],"curies":[{"name":"wp","href":"https:\/\/api.w.org\/{rel}","templated":true}]}}