{"id":16820,"date":"2022-01-17T10:54:25","date_gmt":"2022-01-17T10:54:25","guid":{"rendered":"https:\/\/www.fiberpasta.it\/fr\/?page_id=16820"},"modified":"2022-01-17T11:03:51","modified_gmt":"2022-01-17T11:03:51","slug":"base-a-pizza-proteinee","status":"publish","type":"page","link":"https:\/\/www.fiberpasta.it\/fr\/base-a-pizza-proteinee\/","title":{"rendered":"BASE A PIZZA PROTEINEE"},"content":{"rendered":"<div class=\"wpb-content-wrapper\"><p>[vc_row css_animation=&#8221;&#8221; row_type=&#8221;row&#8221; use_row_as_full_screen_section=&#8221;no&#8221; type=&#8221;full_width&#8221; angled_section=&#8221;no&#8221; text_align=&#8221;left&#8221; background_image_as_pattern=&#8221;without_pattern&#8221;][vc_column][vc_column_text]<\/p>\n<h3>&#8230; NOTRE GOUTEUSE BASE A PIZZA RICHE EN PROTEINES!<\/h3>\n<p>[\/vc_column_text][\/vc_column][\/vc_row][vc_row css_animation=&#8221;&#8221; row_type=&#8221;row&#8221; use_row_as_full_screen_section=&#8221;no&#8221; type=&#8221;full_width&#8221; angled_section=&#8221;no&#8221; text_align=&#8221;left&#8221; background_image_as_pattern=&#8221;without_pattern&#8221;][vc_column][vc_column_text]La <strong>base \u00e0 pizza PRO<\/strong> <strong>prot\u00e9in\u00e9e<\/strong> de FiberPasta a une<strong> teneur \u00e9lev\u00e9e en proteines v\u00e9g\u00e9tales (m\u00e9lange de bl\u00e9 et de pois)<\/strong>\u00a0et un indice glyc\u00e9mique inf\u00e9rieur aux bases \u00e0 pizza traditionnelles (<strong>IG 42<\/strong>).<br \/>\nElle est savoureuse, pr\u00eate en seulement 5 minutes et peut \u00eatre remplie \u00e0 volont\u00e9 avec les ingr\u00e9dients de votre choix.<\/p>\n<p><strong>Teneur en prot\u00e9ines:\u00a0 1 base \u00e0 pizza = 30g de prot\u00e9ines<br \/>\n<\/strong><strong>Index glycemique\u00a0 IG 42<br \/>\nSans soja et sans lactose<br \/>\nSans conservateurs<br \/>\n<\/strong><\/p>\n<p id=\"tw-target-text\" class=\"tw-data-text tw-text-large tw-ta\" dir=\"ltr\" data-placeholder=\"Traduzione\"><span class=\"Y2IQFc\" lang=\"fr\">Excellent pour les<strong> sportifs<\/strong>, <strong>v\u00e9g\u00e9taliens<\/strong> et <strong>v\u00e9g\u00e9tariens.<\/strong><\/span><\/p>\n<p><strong>\u00a0<\/strong>[\/vc_column_text][\/vc_column][\/vc_row][vc_row css_animation=&#8221;&#8221; row_type=&#8221;row&#8221; use_row_as_full_screen_section=&#8221;no&#8221; type=&#8221;full_width&#8221; angled_section=&#8221;no&#8221; text_align=&#8221;left&#8221; background_image_as_pattern=&#8221;without_pattern&#8221;][vc_column][qode_elements_holder number_of_columns=&#8221;two_columns&#8221;][qode_elements_holder_item advanced_animations=&#8221;no&#8221;][vc_single_image image=&#8221;16821&#8243; img_size=&#8221;large&#8221; qode_css_animation=&#8221;&#8221;][\/qode_elements_holder_item][qode_elements_holder_item advanced_animations=&#8221;no&#8221; background_color=&#8221;#ffffff&#8221;][vc_column_text]Ingredients:<br \/>\neau, farine de bl\u00e9 tendre, isolat de prot\u00e9ines de pois, levure de bi\u00e8re, inuline, huile d&#8217;olive extra vierge, sel, farine de bl\u00e9 malt\u00e9, ar\u00f4mes.<\/p>\n<p>Valeurs nutritionnelles x 1 base \u00e0 pizza 200g:<br \/>\nValeurs energetique kJ\/kcal 1988\/472<br \/>\nMati\u00e8res grasses g 7,8<br \/>\ndont:<br \/>\n\u2014 satur\u00e9s g 1,4<br \/>\nHydrates de carbon g 64,8<br \/>\ndont:<br \/>\n\u2014 sucres g 5,4<br \/>\nFibre g 12<br \/>\nProteines 30,4<br \/>\nSel g 3[\/vc_column_text][\/qode_elements_holder_item][\/qode_elements_holder][\/vc_column][\/vc_row][vc_row css_animation=&#8221;&#8221; row_type=&#8221;row&#8221; use_row_as_full_screen_section=&#8221;no&#8221; type=&#8221;full_width&#8221; angled_section=&#8221;no&#8221; text_align=&#8221;left&#8221; background_image_as_pattern=&#8221;without_pattern&#8221; padding_bottom=&#8221;30&#8243;][vc_column][vc_column_text]<\/p>\n<div class=\"vc_row wpb_row section vc_row-fluid\">\n<div class=\" full_section_inner clearfix\">\n<div class=\"vc_col-sm-12 wpb_column vc_column_container\">\n<div class=\"wpb_wrapper\">\n<div class=\"wpb_text_column wpb_content_element \">\n<div class=\"wpb_wrapper\">\n<p>European consumers can buy FiberPasta products online on our <a href=\"http:\/\/www.fiberpastashop.it\/\" target=\"_blank\" rel=\"noopener noreferrer\">e-commerce.<br \/>\n<\/a>For any further information or inquiries: <a title=\"Email FiberPasta\" href=\"http:\/\/www.fiberpasta.it\/fr\/pasta\/info@fiberpasta.it\" target=\"_blank\" rel=\"noopener noreferrer\">info@fiberpasta.it<\/a><\/p>\n<p><em>It is recommend to use FiberPasta products in association with a healthy lifestyle<\/em><\/p>\n<\/div>\n<\/div>\n<\/div>\n<\/div>\n<\/div>\n<\/div>\n<p>[\/vc_column_text][\/vc_column][\/vc_row]<\/p>\n<\/div>","protected":false},"excerpt":{"rendered":"<p>[vc_row css_animation=&#8221;&#8221; row_type=&#8221;row&#8221; use_row_as_full_screen_section=&#8221;no&#8221; type=&#8221;full_width&#8221; angled_section=&#8221;no&#8221; text_align=&#8221;left&#8221; background_image_as_pattern=&#8221;without_pattern&#8221;][vc_column][vc_column_text] &#8230; NOTRE GOUTEUSE BASE A PIZZA RICHE EN PROTEINES! [\/vc_column_text][\/vc_column][\/vc_row][vc_row css_animation=&#8221;&#8221; row_type=&#8221;row&#8221; use_row_as_full_screen_section=&#8221;no&#8221; type=&#8221;full_width&#8221; angled_section=&#8221;no&#8221; text_align=&#8221;left&#8221; background_image_as_pattern=&#8221;without_pattern&#8221;][vc_column][vc_column_text]La base \u00e0 pizza PRO prot\u00e9in\u00e9e de FiberPasta a une teneur \u00e9lev\u00e9e en proteines v\u00e9g\u00e9tales (m\u00e9lange de bl\u00e9 et de pois)\u00a0et&#8230;<\/p>\n","protected":false},"author":1,"featured_media":0,"parent":0,"menu_order":0,"comment_status":"closed","ping_status":"closed","template":"","meta":{"_monsterinsights_skip_tracking":false,"_monsterinsights_sitenote_active":false,"_monsterinsights_sitenote_note":"","_monsterinsights_sitenote_category":0,"footnotes":""},"class_list":["post-16820","page","type-page","status-publish","hentry"],"_links":{"self":[{"href":"https:\/\/www.fiberpasta.it\/fr\/wp-json\/wp\/v2\/pages\/16820","targetHints":{"allow":["GET"]}}],"collection":[{"href":"https:\/\/www.fiberpasta.it\/fr\/wp-json\/wp\/v2\/pages"}],"about":[{"href":"https:\/\/www.fiberpasta.it\/fr\/wp-json\/wp\/v2\/types\/page"}],"author":[{"embeddable":true,"href":"https:\/\/www.fiberpasta.it\/fr\/wp-json\/wp\/v2\/users\/1"}],"replies":[{"embeddable":true,"href":"https:\/\/www.fiberpasta.it\/fr\/wp-json\/wp\/v2\/comments?post=16820"}],"version-history":[{"count":6,"href":"https:\/\/www.fiberpasta.it\/fr\/wp-json\/wp\/v2\/pages\/16820\/revisions"}],"predecessor-version":[{"id":16828,"href":"https:\/\/www.fiberpasta.it\/fr\/wp-json\/wp\/v2\/pages\/16820\/revisions\/16828"}],"wp:attachment":[{"href":"https:\/\/www.fiberpasta.it\/fr\/wp-json\/wp\/v2\/media?parent=16820"}],"curies":[{"name":"wp","href":"https:\/\/api.w.org\/{rel}","templated":true}]}}