{"id":16840,"date":"2023-03-09T09:52:19","date_gmt":"2023-03-09T09:52:19","guid":{"rendered":"https:\/\/www.fiberpasta.it\/fr\/?page_id=16840"},"modified":"2023-03-09T16:37:08","modified_gmt":"2023-03-09T16:37:08","slug":"croissant-sans-sucre","status":"publish","type":"page","link":"https:\/\/www.fiberpasta.it\/fr\/croissant-sans-sucre\/","title":{"rendered":"CROISSANT SANS SUCRE"},"content":{"rendered":"<div class=\"wpb-content-wrapper\"><p>[vc_row css_animation=&#8221;&#8221; row_type=&#8221;row&#8221; use_row_as_full_screen_section=&#8221;no&#8221; type=&#8221;full_width&#8221; angled_section=&#8221;no&#8221; text_align=&#8221;left&#8221; background_image_as_pattern=&#8221;without_pattern&#8221;][vc_column][vc_column_text]<\/p>\n<h3>NOTRE CROISSANT SANS SUCRE 100% VEGETAL!<\/h3>\n<p>[\/vc_column_text][\/vc_column][\/vc_row][vc_row css_animation=&#8221;&#8221; row_type=&#8221;row&#8221; use_row_as_full_screen_section=&#8221;no&#8221; type=&#8221;full_width&#8221; angled_section=&#8221;no&#8221; text_align=&#8221;left&#8221; background_image_as_pattern=&#8221;without_pattern&#8221;][vc_column][vc_column_text]Le <strong>Croissant FiberPasta<\/strong> est <strong>sans sucre<\/strong>, il contient<strong> moins de glucides que les croissants traditionnels<\/strong> et a <strong>un indice et une charge glyc\u00e9mique bas<\/strong>. Il a une <strong>teneur \u00e9lev\u00e9e en fibres<\/strong> une <strong>bonne teneur en prot\u00e9ines<\/strong>. Il ne contient pas de beurre ni d&#8217;huile de palme et est <strong>100% v\u00e9g\u00e9tal.<\/strong> Il a une tr\u00e8s faible teneur en sel. Il est \u00e9dulcor\u00e9 avec de l&#8217;\u00e9rythritol (\u00e9dulcorant naturel).<\/p>\n<p>&#x2714;Z\u00e9ro sucres<br \/>\n&#x2714;Indice glycemique bas (&lt;45)<br \/>\n&#x2714;Charge glycemique bas (&lt;10 pour croissant)<br \/>\n&#x2714;13% de fibres, dont l&#8217;inuline et l&#8217;amidon resistant<br \/>\n&#x2714;11% de prot\u00e9ines v\u00e9g\u00e9tales<br \/>\n&#x2714;Tr\u00e8s faible teneur en sel (&lt;0,1g pour 100g)[\/vc_column_text][\/vc_column][\/vc_row][vc_row css_animation=&#8221;&#8221; row_type=&#8221;row&#8221; use_row_as_full_screen_section=&#8221;no&#8221; type=&#8221;full_width&#8221; angled_section=&#8221;no&#8221; text_align=&#8221;left&#8221; background_image_as_pattern=&#8221;without_pattern&#8221;][vc_column][qode_elements_holder number_of_columns=&#8221;two_columns&#8221;][qode_elements_holder_item advanced_animations=&#8221;no&#8221; item_padding=&#8221;0px 10px 0px 10px&#8221;][vc_single_image image=&#8221;16843&#8243; img_size=&#8221;large&#8221; qode_css_animation=&#8221;&#8221;][\/qode_elements_holder_item][qode_elements_holder_item advanced_animations=&#8221;no&#8221; background_color=&#8221;#ffffff&#8221;][vc_column_text]Ingr\u00e9dients:<br \/>\nFarine FiberPasta : farine de bl\u00e9 tendre 0, 14 % de fibres alimentaires (fibre de bl\u00e9, amidon r\u00e9sistant, inuline) ; semoule remoul\u00e9e Senatore Cappelli, prot\u00e9ines de bl\u00e9, \u00e9dulcorant : \u00e9rythritol, inuline, margarine v\u00e9g\u00e9tale [graisses et huiles v\u00e9g\u00e9tales (cacao, coco, tournesol, soja), eau, \u00e9mulsifiants : mono et diglyc\u00e9rides d&#8217;acides gras], amidon de tapioca r\u00e9sistant, sel, levure de bi\u00e8re, conservateur : sorbate de potassium.<br \/>\n<em>Peut contenir des traces d&#8217;oeufs, cacahu\u00e8tes, lait, fruits \u00e0 coque, graines de s\u00e9same, moutarde.<\/em><\/p>\n<p>Valeurs nutritionnelles x 100g\u00a0 \u00a0\/\u00a0 \u00a0x croissant (50g):<br \/>\nValeur energ\u00e9tique kJ\/kcal 1264\/302 \u00a0 \/\u00a0 632\/151<br \/>\nMati\u00e8res grasses g 24 \u00a0 \/ 12<br \/>\ndont:<br \/>\n\u2014 satur\u00e9s g 8,9 \u00a0 \/\u00a0 4,5<br \/>\nGlucides g 22 \u00a0 \/\u00a0\u00a0 11<br \/>\ndont:<br \/>\n\u2014 sucres g 0 \u00a0 \/\u00a0\u00a0 0<br \/>\n\u2014 polyols g 1,1 \u00a0 \/ 0,6<br \/>\nFibre g 13 \u00a0 \/\u00a0 6,5<br \/>\nProt\u00e9ines g 11 \u00a0 \/\u00a0 5,5<br \/>\nSel g 0,05 \u00a0 \/\u00a0 \u00a00,03[\/vc_column_text][\/qode_elements_holder_item][\/qode_elements_holder][\/vc_column][\/vc_row]<\/p>\n<\/div>","protected":false},"excerpt":{"rendered":"<p>[vc_row css_animation=&#8221;&#8221; row_type=&#8221;row&#8221; use_row_as_full_screen_section=&#8221;no&#8221; type=&#8221;full_width&#8221; angled_section=&#8221;no&#8221; text_align=&#8221;left&#8221; background_image_as_pattern=&#8221;without_pattern&#8221;][vc_column][vc_column_text] NOTRE CROISSANT SANS SUCRE 100% VEGETAL! [\/vc_column_text][\/vc_column][\/vc_row][vc_row css_animation=&#8221;&#8221; row_type=&#8221;row&#8221; use_row_as_full_screen_section=&#8221;no&#8221; type=&#8221;full_width&#8221; angled_section=&#8221;no&#8221; text_align=&#8221;left&#8221; background_image_as_pattern=&#8221;without_pattern&#8221;][vc_column][vc_column_text]Le Croissant FiberPasta est sans sucre, il contient moins de glucides que les croissants traditionnels et a un indice et une charge glyc\u00e9mique bas&#8230;.<\/p>\n","protected":false},"author":1,"featured_media":0,"parent":0,"menu_order":0,"comment_status":"closed","ping_status":"closed","template":"","meta":{"_monsterinsights_skip_tracking":false,"_monsterinsights_sitenote_active":false,"_monsterinsights_sitenote_note":"","_monsterinsights_sitenote_category":0,"footnotes":""},"class_list":["post-16840","page","type-page","status-publish","hentry"],"_links":{"self":[{"href":"https:\/\/www.fiberpasta.it\/fr\/wp-json\/wp\/v2\/pages\/16840","targetHints":{"allow":["GET"]}}],"collection":[{"href":"https:\/\/www.fiberpasta.it\/fr\/wp-json\/wp\/v2\/pages"}],"about":[{"href":"https:\/\/www.fiberpasta.it\/fr\/wp-json\/wp\/v2\/types\/page"}],"author":[{"embeddable":true,"href":"https:\/\/www.fiberpasta.it\/fr\/wp-json\/wp\/v2\/users\/1"}],"replies":[{"embeddable":true,"href":"https:\/\/www.fiberpasta.it\/fr\/wp-json\/wp\/v2\/comments?post=16840"}],"version-history":[{"count":10,"href":"https:\/\/www.fiberpasta.it\/fr\/wp-json\/wp\/v2\/pages\/16840\/revisions"}],"predecessor-version":[{"id":16854,"href":"https:\/\/www.fiberpasta.it\/fr\/wp-json\/wp\/v2\/pages\/16840\/revisions\/16854"}],"wp:attachment":[{"href":"https:\/\/www.fiberpasta.it\/fr\/wp-json\/wp\/v2\/media?parent=16840"}],"curies":[{"name":"wp","href":"https:\/\/api.w.org\/{rel}","templated":true}]}}